{"id":1044,"date":"2022-01-30T16:52:37","date_gmt":"2022-01-30T15:52:37","guid":{"rendered":"https:\/\/cpa.org.gt\/desarrollo\/wordpress\/?page_id=1044"},"modified":"2022-01-30T16:57:42","modified_gmt":"2022-01-30T15:57:42","slug":"socios-fundadores","status":"publish","type":"page","link":"https:\/\/cpa.org.gt\/desarrollo\/wordpress\/socios-fundadores\/","title":{"rendered":"Socios Fundadores"},"content":{"rendered":"\t\t<div data-elementor-type=\"wp-page\" data-elementor-id=\"1044\" class=\"elementor elementor-1044\">\n\t\t\t\t\t\t<section class=\"elementor-section elementor-top-section elementor-element elementor-element-99620e9 elementor-section-boxed elementor-section-height-default elementor-section-height-default wpr-particle-no wpr-jarallax-no wpr-parallax-no wpr-sticky-section-no\" data-id=\"99620e9\" data-element_type=\"section\">\n\t\t\t\t\t\t<div class=\"elementor-container elementor-column-gap-default\">\n\t\t\t\t\t<div class=\"elementor-column elementor-col-100 elementor-top-column elementor-element elementor-element-cc921f6\" data-id=\"cc921f6\" data-element_type=\"column\">\n\t\t\t<div class=\"elementor-widget-wrap elementor-element-populated\">\n\t\t\t\t\t\t<div class=\"elementor-element elementor-element-d2f2718 elementor-widget elementor-widget-image\" data-id=\"d2f2718\" data-element_type=\"widget\" data-widget_type=\"image.default\">\n\t\t\t\t<div class=\"elementor-widget-container\">\n\t\t\t\t\t\t\t\t\t\t\t\t\t\t\t<img fetchpriority=\"high\" decoding=\"async\" width=\"812\" height=\"171\" src=\"https:\/\/cpa.org.gt\/desarrollo\/wordpress\/wp-content\/uploads\/2022\/01\/Banner-Colegio-A-1024x216.png\" class=\"attachment-large size-large wp-image-1014\" alt=\"\" srcset=\"https:\/\/cpa.org.gt\/desarrollo\/wordpress\/wp-content\/uploads\/2022\/01\/Banner-Colegio-A-1024x216.png 1024w, https:\/\/cpa.org.gt\/desarrollo\/wordpress\/wp-content\/uploads\/2022\/01\/Banner-Colegio-A-300x63.png 300w, https:\/\/cpa.org.gt\/desarrollo\/wordpress\/wp-content\/uploads\/2022\/01\/Banner-Colegio-A-768x162.png 768w, https:\/\/cpa.org.gt\/desarrollo\/wordpress\/wp-content\/uploads\/2022\/01\/Banner-Colegio-A.png 1115w\" sizes=\"(max-width: 812px) 100vw, 812px\" \/>\t\t\t\t\t\t\t\t\t\t\t\t\t\t\t<\/div>\n\t\t\t\t<\/div>\n\t\t\t\t\t<\/div>\n\t\t<\/div>\n\t\t\t\t\t<\/div>\n\t\t<\/section>\n\t\t\t\t<section class=\"elementor-section elementor-top-section elementor-element elementor-element-564a420 elementor-section-boxed elementor-section-height-default elementor-section-height-default wpr-particle-no wpr-jarallax-no wpr-parallax-no wpr-sticky-section-no\" data-id=\"564a420\" data-element_type=\"section\">\n\t\t\t\t\t\t<div class=\"elementor-container elementor-column-gap-default\">\n\t\t\t\t\t<div class=\"elementor-column elementor-col-100 elementor-top-column elementor-element elementor-element-965c8db\" data-id=\"965c8db\" data-element_type=\"column\">\n\t\t\t<div class=\"elementor-widget-wrap elementor-element-populated\">\n\t\t\t\t\t\t<div class=\"elementor-element elementor-element-46facbd elementor-widget elementor-widget-heading\" data-id=\"46facbd\" data-element_type=\"widget\" data-widget_type=\"heading.default\">\n\t\t\t\t<div class=\"elementor-widget-container\">\n\t\t\t\t\t<h2 class=\"elementor-heading-title elementor-size-default\">Socios fundadores<\/h2>\t\t\t\t<\/div>\n\t\t\t\t<\/div>\n\t\t\t\t\t<\/div>\n\t\t<\/div>\n\t\t\t\t\t<\/div>\n\t\t<\/section>\n\t\t\t\t<section class=\"elementor-section elementor-top-section elementor-element elementor-element-41c2f03 elementor-section-boxed elementor-section-height-default elementor-section-height-default wpr-particle-no wpr-jarallax-no wpr-parallax-no wpr-sticky-section-no\" data-id=\"41c2f03\" data-element_type=\"section\">\n\t\t\t\t\t\t<div class=\"elementor-container elementor-column-gap-default\">\n\t\t\t\t\t<div class=\"elementor-column elementor-col-100 elementor-top-column elementor-element elementor-element-57f3ba0\" data-id=\"57f3ba0\" data-element_type=\"column\">\n\t\t\t<div class=\"elementor-widget-wrap elementor-element-populated\">\n\t\t\t\t\t\t<div class=\"elementor-element elementor-element-8dfd947 elementor-widget elementor-widget-text-editor\" data-id=\"8dfd947\" data-element_type=\"widget\" data-widget_type=\"text-editor.default\">\n\t\t\t\t<div class=\"elementor-widget-container\">\n\t\t\t\t\t\t\t\t\t<p>En esta reuni\u00f3n se presentaron los antecedentes sobre los intentos fallidos de constituir el Colegio de Contadores P\u00fablicos y Auditores desde los a\u00f1os sesentas. Tambi\u00e9n se platic\u00f3 sobre la nueva Ley de Colegiaci\u00f3n Profesional Obligatoria, en la cual ya no era necesario el requisito de la anterior ley, en el sentido de la existencia de una facultad de auditor\u00eda en las universidades del pa\u00eds,\u00a0 para constituir el Colegio, que el \u00fanico requisito b\u00e1sico exigido era la existencia de un m\u00ednimo de 500 profesionales CPA y que no pod\u00eda haber m\u00e1s de un colegio de la misma profesi\u00f3n.<\/p><p><img decoding=\"async\" class=\"size-thumbnail wp-image-612 alignleft\" src=\"http:\/\/cpa.org.gt\/wp-content\/uploads\/2018\/02\/11-150x150.jpg\" alt=\"\" width=\"150\" height=\"150\" \/>En esta reuni\u00f3n se ampli\u00f3 la Comisi\u00f3n de Reestructuraci\u00f3n,\u00a0 la cual qued\u00f3 integrada\u00a0 por los CPA Oscar Vel\u00e1squez Flores, Ra\u00fal Francisco Lemus Gir\u00f3n, Oscar Chile Monroy, Salvador Israel Monroy Cer\u00f3n, Walter Exteven Molina May\u00e9n, Roberto Vinicio Zacar\u00edas y Felipe Antonio G\u00f3mez Fuentes.<\/p><p>Durante\u00a0 \u00a0los\u00a0 \u00a0meses \u00a0\u00a0de \u00a0septiembre,octubre y noviembre de 2002, la comisi\u00f3n estuvo trabajando en equipo, planificando la fecha para convocar a la constituci\u00f3n del Colegio de Contadores P\u00fablicos y Auditores de Guatemala, dando a conocer que el derecho le asist\u00eda a este grupo de CPA, tal y como hab\u00eda quedado establecido en la nueva Ley de Colegiaci\u00f3n Profesional Obligatoria. Durante esta etapa el apoyo recibido de la Junta Directiva del IGCPA, presidida por el CPA\u00a0<strong>Rosal\u00edo Celso Coyoy Estacuy<\/strong>, fue fundamental.<\/p><p><img decoding=\"async\" class=\"size-thumbnail wp-image-613 alignleft\" src=\"http:\/\/cpa.org.gt\/wp-content\/uploads\/2018\/02\/2-150x150.jpg\" alt=\"\" width=\"150\" height=\"150\" \/>Como parte de ese trabajo en equipo, de septiembre a noviembre del 2002 se busc\u00f3 el apoyo legal y se logr\u00f3 la asesor\u00eda por parte del abogado y notario,\u00a0<strong>Rodolfo Vielmann Castellanos (QEPD)<\/strong>, con quien se planific\u00f3 y defini\u00f3 que el 15 de noviembre de 2002 deber\u00eda ser la fecha para convocar a una asamblea general de Contadores P\u00fablicos y Auditores de Guatemala, para la firma de un acta donde constara la constituci\u00f3n del Colegio de Contadores P\u00fablicos y Auditores de Guatemala, fundamentado en la Ley de Colegiaci\u00f3n Profesional Obligatoria, contenida en el Decreto No. 72-2001 del Congreso de la Rep\u00fablica.<\/p><p>La comisi\u00f3n inici\u00f3 la labor de divulgaci\u00f3n, emitiendo anuncios en prensa, avisos por correo directo a todos los asociados al IGCPA y se contrat\u00f3 el Hotel Marriot (hoy Barcel\u00f3 Guatemala City) para el magno evento. Por supuesto, todas estas actividades requer\u00edan fondos econ\u00f3micos para su concreci\u00f3n, para ello se realizaron eventos profesionales y se obtuvo la colaboraci\u00f3n de colegas destacados en la profesi\u00f3n de CPA, realizando varios eventos sobre la \u201cImplementaci\u00f3n de las Normas Internacionales de Contabilidad\u201d, los cuales generaron los fondos suficientes para todas las actividades de dicha Comisi\u00f3n, aunado al importante e incondicional apoyo de la Junta Directiva del IGCPA.<\/p>\t\t\t\t\t\t\t\t<\/div>\n\t\t\t\t<\/div>\n\t\t\t\t\t<\/div>\n\t\t<\/div>\n\t\t\t\t\t<\/div>\n\t\t<\/section>\n\t\t\t\t<section class=\"elementor-section elementor-top-section elementor-element elementor-element-de28dd4 elementor-section-boxed elementor-section-height-default elementor-section-height-default wpr-particle-no wpr-jarallax-no wpr-parallax-no wpr-sticky-section-no\" data-id=\"de28dd4\" data-element_type=\"section\">\n\t\t\t\t\t\t<div class=\"elementor-container elementor-column-gap-default\">\n\t\t\t\t\t<div class=\"elementor-column elementor-col-50 elementor-top-column elementor-element elementor-element-91277ad\" data-id=\"91277ad\" data-element_type=\"column\">\n\t\t\t<div class=\"elementor-widget-wrap elementor-element-populated\">\n\t\t\t\t\t\t<div class=\"elementor-element elementor-element-16317d2 elementor-widget elementor-widget-text-editor\" data-id=\"16317d2\" data-element_type=\"widget\" data-widget_type=\"text-editor.default\">\n\t\t\t\t<div class=\"elementor-widget-container\">\n\t\t\t\t\t\t\t\t\t<ul><li>Erick Giovanni L\u00f3pez Hern\u00e1ndez<\/li><li>Otto Humberto Franco Rodr\u00edguez<\/li><li>Leonel Reynado Mart\u00ednez Castellanos<\/li><li>Eli\u00e9zer Mois\u00e9s Merr\u00f3n Rosales<\/li><li>Sergio Adni Argueta Estrada<\/li><li>Carlos Humberto P\u00e9rez Mont\u00fafar<\/li><li>Jos\u00e9 Alberto Montenegro N\u00e1jera<\/li><li>\u00c1ngel Salvador Irungaray Su\u00e1rez<\/li><li>Walter Exteven Molina May\u00e9n<\/li><li>Salvador Israel Monroy Cer\u00f3n<\/li><li>Roberto Vinicio Zacarias<\/li><li>Ra\u00fal Francisco Lemus Gir\u00f3n<\/li><li>Rosal\u00edo Celso Coyoy Estacuy<\/li><li>Dina Isabel Rivera D\u00e1vila<\/li><\/ul>\t\t\t\t\t\t\t\t<\/div>\n\t\t\t\t<\/div>\n\t\t\t\t\t<\/div>\n\t\t<\/div>\n\t\t\t\t<div class=\"elementor-column elementor-col-50 elementor-top-column elementor-element elementor-element-7f6b466\" data-id=\"7f6b466\" data-element_type=\"column\">\n\t\t\t<div class=\"elementor-widget-wrap elementor-element-populated\">\n\t\t\t\t\t\t<div class=\"elementor-element elementor-element-b634434 elementor-widget elementor-widget-text-editor\" data-id=\"b634434\" data-element_type=\"widget\" data-widget_type=\"text-editor.default\">\n\t\t\t\t<div class=\"elementor-widget-container\">\n\t\t\t\t\t\t\t\t\t<ul><li>Marco Leopoldo Fern\u00e1ndez Ord\u00f3\u00f1ez<\/li><li>Roberto B\u00e1maca Morales<\/li><li>V\u00edctor Gaudencio P\u00e9rez Ar\u00e9valo<\/li><li>Felipe Antonio G\u00f3mez Fuentes<\/li><li>Arturo Alberto Arroyo Dard\u00f3n<\/li><li>Oscar No\u00e9 L\u00f3pez Cord\u00f3n<\/li><li>Oscar Chile Monroy<\/li><li>Carol Van Der Henst Bailey de Minera<\/li><li>Byron Gerardo Mart\u00ednez Echeverr\u00eda<\/li><li>Jorge Guillermo Obregon Reyna<\/li><li>Allan Estuardo Turckheim Mart\u00ednez<\/li><li>Orlando Barreda<\/li><li>Roberto Garcia Recinos<\/li><li>V\u00edctor Salom\u00f3n L\u00f3pez Zalda\u00f1a<\/li><\/ul>\t\t\t\t\t\t\t\t<\/div>\n\t\t\t\t<\/div>\n\t\t\t\t\t<\/div>\n\t\t<\/div>\n\t\t\t\t\t<\/div>\n\t\t<\/section>\n\t\t\t\t<\/div>\n\t\t","protected":false},"excerpt":{"rendered":"<p>Socios fundadores En esta reuni\u00f3n se presentaron los antecedentes sobre los intentos fallidos de constituir el Colegio de Contadores P\u00fablicos y Auditores desde los a\u00f1os sesentas. Tambi\u00e9n se platic\u00f3 sobre la nueva Ley de Colegiaci\u00f3n Profesional Obligatoria, en la cual ya no era necesario el requisito de la anterior ley, en el sentido de la existencia de una facultad de auditor\u00eda en las universidades del pa\u00eds,&nbsp; para constituir el Colegio, que el \u00fanico requisito b\u00e1sico exigido era la existencia de un m\u00ednimo de 500 profesionales CPA y que no pod\u00eda haber m\u00e1s de un colegio de la misma profesi\u00f3n. En esta reuni\u00f3n se ampli\u00f3 la Comisi\u00f3n de Reestructuraci\u00f3n,&nbsp; la cual qued\u00f3 integrada&nbsp; por los CPA Oscar Vel\u00e1squez Flores, Ra\u00fal Francisco Lemus Gir\u00f3n, Oscar Chile Monroy, Salvador Israel Monroy Cer\u00f3n, Walter Exteven Molina May\u00e9n, Roberto Vinicio Zacar\u00edas y Felipe Antonio G\u00f3mez Fuentes. Durante&nbsp; &nbsp;los&nbsp; &nbsp;meses &nbsp;&nbsp;de &nbsp;septiembre,octubre y noviembre de 2002, la comisi\u00f3n estuvo trabajando en equipo, planificando la fecha para convocar a la constituci\u00f3n del Colegio de Contadores P\u00fablicos y Auditores de Guatemala, dando a conocer que el derecho le asist\u00eda a este grupo de CPA, tal y como hab\u00eda quedado establecido en la nueva Ley de Colegiaci\u00f3n Profesional Obligatoria. Durante esta etapa el apoyo recibido de la Junta Directiva del IGCPA, presidida por el CPA&nbsp;Rosal\u00edo Celso Coyoy Estacuy, fue fundamental. Como parte de ese trabajo en equipo, de septiembre a noviembre del 2002 se busc\u00f3 el apoyo legal y se logr\u00f3 la asesor\u00eda por parte del abogado y notario,&nbsp;Rodolfo Vielmann Castellanos (QEPD), con quien se planific\u00f3 y defini\u00f3 que el 15 de noviembre de 2002 deber\u00eda ser la fecha para convocar a una asamblea general de Contadores P\u00fablicos y Auditores de Guatemala, para la firma de un acta donde constara la constituci\u00f3n del Colegio de Contadores P\u00fablicos y Auditores de Guatemala, fundamentado en la Ley de Colegiaci\u00f3n Profesional Obligatoria, contenida en el Decreto No. 72-2001 del Congreso de la Rep\u00fablica. La comisi\u00f3n inici\u00f3 la labor de divulgaci\u00f3n, emitiendo anuncios en prensa, avisos por correo directo a todos los asociados al IGCPA y se contrat\u00f3 el Hotel Marriot (hoy Barcel\u00f3 Guatemala City) para el magno evento. Por supuesto, todas estas actividades requer\u00edan fondos econ\u00f3micos para su concreci\u00f3n, para ello se realizaron eventos profesionales y se obtuvo la colaboraci\u00f3n de colegas destacados en la profesi\u00f3n de CPA, realizando varios eventos sobre la \u201cImplementaci\u00f3n de las Normas Internacionales de Contabilidad\u201d, los cuales generaron los fondos suficientes para todas las actividades de dicha Comisi\u00f3n, aunado al importante e incondicional apoyo de la Junta Directiva del IGCPA. Erick Giovanni L\u00f3pez Hern\u00e1ndez Otto Humberto Franco Rodr\u00edguez Leonel Reynado Mart\u00ednez Castellanos Eli\u00e9zer Mois\u00e9s Merr\u00f3n Rosales Sergio Adni Argueta Estrada Carlos Humberto P\u00e9rez Mont\u00fafar Jos\u00e9 Alberto Montenegro N\u00e1jera \u00c1ngel Salvador Irungaray Su\u00e1rez Walter Exteven Molina May\u00e9n Salvador Israel Monroy Cer\u00f3n Roberto Vinicio Zacarias Ra\u00fal Francisco Lemus Gir\u00f3n Rosal\u00edo Celso Coyoy Estacuy Dina Isabel Rivera D\u00e1vila Marco Leopoldo Fern\u00e1ndez Ord\u00f3\u00f1ez Roberto B\u00e1maca Morales V\u00edctor Gaudencio P\u00e9rez Ar\u00e9valo Felipe Antonio G\u00f3mez Fuentes Arturo Alberto Arroyo Dard\u00f3n Oscar No\u00e9 L\u00f3pez Cord\u00f3n Oscar Chile Monroy Carol Van Der Henst Bailey de Minera Byron Gerardo Mart\u00ednez Echeverr\u00eda Jorge Guillermo Obregon Reyna Allan Estuardo Turckheim Mart\u00ednez Orlando Barreda Roberto Garcia Recinos V\u00edctor Salom\u00f3n L\u00f3pez Zalda\u00f1a<\/p>\n","protected":false},"author":1,"featured_media":0,"parent":0,"menu_order":0,"comment_status":"closed","ping_status":"closed","template":"","meta":{"zakra_sidebar_layout":"centered","zakra_remove_content_margin":false,"zakra_sidebar":"customizer","zakra_transparent_header":"customizer","zakra_logo":0,"zakra_main_header_style":"default","zakra_menu_item_color":"","zakra_menu_item_hover_color":"","zakra_menu_item_active_color":"","zakra_menu_active_style":"","zakra_page_header":false,"_cbd_carousel_blocks":"[]","_eb_attr":"","footnotes":""},"class_list":["post-1044","page","type-page","status-publish","hentry"],"_links":{"self":[{"href":"https:\/\/cpa.org.gt\/desarrollo\/wordpress\/wp-json\/wp\/v2\/pages\/1044","targetHints":{"allow":["GET"]}}],"collection":[{"href":"https:\/\/cpa.org.gt\/desarrollo\/wordpress\/wp-json\/wp\/v2\/pages"}],"about":[{"href":"https:\/\/cpa.org.gt\/desarrollo\/wordpress\/wp-json\/wp\/v2\/types\/page"}],"author":[{"embeddable":true,"href":"https:\/\/cpa.org.gt\/desarrollo\/wordpress\/wp-json\/wp\/v2\/users\/1"}],"replies":[{"embeddable":true,"href":"https:\/\/cpa.org.gt\/desarrollo\/wordpress\/wp-json\/wp\/v2\/comments?post=1044"}],"version-history":[{"count":15,"href":"https:\/\/cpa.org.gt\/desarrollo\/wordpress\/wp-json\/wp\/v2\/pages\/1044\/revisions"}],"predecessor-version":[{"id":1059,"href":"https:\/\/cpa.org.gt\/desarrollo\/wordpress\/wp-json\/wp\/v2\/pages\/1044\/revisions\/1059"}],"wp:attachment":[{"href":"https:\/\/cpa.org.gt\/desarrollo\/wordpress\/wp-json\/wp\/v2\/media?parent=1044"}],"curies":[{"name":"wp","href":"https:\/\/api.w.org\/{rel}","templated":true}]}}