{"id":1063,"date":"2022-01-30T16:58:57","date_gmt":"2022-01-30T15:58:57","guid":{"rendered":"https:\/\/cpa.org.gt\/desarrollo\/wordpress\/?page_id=1063"},"modified":"2022-11-24T08:46:40","modified_gmt":"2022-11-24T14:46:40","slug":"constitucion-del-colegio","status":"publish","type":"page","link":"https:\/\/cpa.org.gt\/desarrollo\/wordpress\/constitucion-del-colegio\/","title":{"rendered":"Constituci\u00f3n del Colegio"},"content":{"rendered":"\t\t<div data-elementor-type=\"wp-page\" data-elementor-id=\"1063\" class=\"elementor elementor-1063\">\n\t\t\t\t\t\t<section class=\"elementor-section elementor-top-section elementor-element elementor-element-d1fd9ae elementor-section-boxed elementor-section-height-default elementor-section-height-default wpr-particle-no wpr-jarallax-no wpr-parallax-no wpr-sticky-section-no\" data-id=\"d1fd9ae\" data-element_type=\"section\">\n\t\t\t\t\t\t<div class=\"elementor-container elementor-column-gap-default\">\n\t\t\t\t\t<div class=\"elementor-column elementor-col-100 elementor-top-column elementor-element elementor-element-4252f85\" data-id=\"4252f85\" data-element_type=\"column\">\n\t\t\t<div class=\"elementor-widget-wrap elementor-element-populated\">\n\t\t\t\t\t\t<div class=\"elementor-element elementor-element-ac3d49d elementor-widget elementor-widget-image\" data-id=\"ac3d49d\" data-element_type=\"widget\" data-widget_type=\"image.default\">\n\t\t\t\t<div class=\"elementor-widget-container\">\n\t\t\t\t\t\t\t\t\t\t\t\t\t\t\t<img fetchpriority=\"high\" decoding=\"async\" width=\"812\" height=\"171\" src=\"https:\/\/cpa.org.gt\/desarrollo\/wordpress\/wp-content\/uploads\/2022\/01\/Banner-Colegio-A-1024x216.png\" class=\"attachment-large size-large wp-image-1014\" alt=\"\" srcset=\"https:\/\/cpa.org.gt\/desarrollo\/wordpress\/wp-content\/uploads\/2022\/01\/Banner-Colegio-A-1024x216.png 1024w, https:\/\/cpa.org.gt\/desarrollo\/wordpress\/wp-content\/uploads\/2022\/01\/Banner-Colegio-A-300x63.png 300w, https:\/\/cpa.org.gt\/desarrollo\/wordpress\/wp-content\/uploads\/2022\/01\/Banner-Colegio-A-768x162.png 768w, https:\/\/cpa.org.gt\/desarrollo\/wordpress\/wp-content\/uploads\/2022\/01\/Banner-Colegio-A.png 1115w\" sizes=\"(max-width: 812px) 100vw, 812px\" \/>\t\t\t\t\t\t\t\t\t\t\t\t\t\t\t<\/div>\n\t\t\t\t<\/div>\n\t\t\t\t\t<\/div>\n\t\t<\/div>\n\t\t\t\t\t<\/div>\n\t\t<\/section>\n\t\t\t\t<section class=\"elementor-section elementor-top-section elementor-element elementor-element-8923f9f elementor-section-boxed elementor-section-height-default elementor-section-height-default wpr-particle-no wpr-jarallax-no wpr-parallax-no wpr-sticky-section-no\" data-id=\"8923f9f\" data-element_type=\"section\">\n\t\t\t\t\t\t<div class=\"elementor-container elementor-column-gap-default\">\n\t\t\t\t\t<div class=\"elementor-column elementor-col-33 elementor-top-column elementor-element elementor-element-24c718f\" data-id=\"24c718f\" data-element_type=\"column\">\n\t\t\t<div class=\"elementor-widget-wrap elementor-element-populated\">\n\t\t\t\t\t\t<div class=\"elementor-element elementor-element-913ef47 elementor-widget elementor-widget-image\" data-id=\"913ef47\" data-element_type=\"widget\" data-widget_type=\"image.default\">\n\t\t\t\t<div class=\"elementor-widget-container\">\n\t\t\t\t\t\t\t\t\t\t\t\t\t\t\t\t<a href=\"https:\/\/cpa.org.gt\/desarrollo\/wordpress\/antecedentes\/\">\n\t\t\t\t\t\t\t<img decoding=\"async\" width=\"370\" height=\"120\" src=\"https:\/\/cpa.org.gt\/desarrollo\/wordpress\/wp-content\/uploads\/2022\/03\/Colegio-03B.png\" class=\"attachment-large size-large wp-image-1327\" alt=\"\" srcset=\"https:\/\/cpa.org.gt\/desarrollo\/wordpress\/wp-content\/uploads\/2022\/03\/Colegio-03B.png 370w, https:\/\/cpa.org.gt\/desarrollo\/wordpress\/wp-content\/uploads\/2022\/03\/Colegio-03B-300x97.png 300w\" sizes=\"(max-width: 370px) 100vw, 370px\" \/>\t\t\t\t\t\t\t\t<\/a>\n\t\t\t\t\t\t\t\t\t\t\t\t\t\t\t<\/div>\n\t\t\t\t<\/div>\n\t\t\t\t\t<\/div>\n\t\t<\/div>\n\t\t\t\t<div class=\"elementor-column elementor-col-33 elementor-top-column elementor-element elementor-element-639cb1a\" data-id=\"639cb1a\" data-element_type=\"column\">\n\t\t\t<div class=\"elementor-widget-wrap elementor-element-populated\">\n\t\t\t\t\t\t<div class=\"elementor-element elementor-element-0ccfc9f elementor-widget elementor-widget-image\" data-id=\"0ccfc9f\" data-element_type=\"widget\" data-widget_type=\"image.default\">\n\t\t\t\t<div class=\"elementor-widget-container\">\n\t\t\t\t\t\t\t\t\t\t\t\t\t\t\t\t<a href=\"https:\/\/cpa.org.gt\/desarrollo\/wordpress\/socios-fundadores\/\">\n\t\t\t\t\t\t\t<img decoding=\"async\" width=\"370\" height=\"120\" src=\"https:\/\/cpa.org.gt\/desarrollo\/wordpress\/wp-content\/uploads\/2022\/03\/Colegio-01B.png\" class=\"attachment-large size-large wp-image-1328\" alt=\"\" srcset=\"https:\/\/cpa.org.gt\/desarrollo\/wordpress\/wp-content\/uploads\/2022\/03\/Colegio-01B.png 370w, https:\/\/cpa.org.gt\/desarrollo\/wordpress\/wp-content\/uploads\/2022\/03\/Colegio-01B-300x97.png 300w\" sizes=\"(max-width: 370px) 100vw, 370px\" \/>\t\t\t\t\t\t\t\t<\/a>\n\t\t\t\t\t\t\t\t\t\t\t\t\t\t\t<\/div>\n\t\t\t\t<\/div>\n\t\t\t\t\t<\/div>\n\t\t<\/div>\n\t\t\t\t<div class=\"elementor-column elementor-col-33 elementor-top-column elementor-element elementor-element-10fabaf\" data-id=\"10fabaf\" data-element_type=\"column\">\n\t\t\t<div class=\"elementor-widget-wrap elementor-element-populated\">\n\t\t\t\t\t\t<div class=\"elementor-element elementor-element-ae856d6 elementor-widget elementor-widget-image\" data-id=\"ae856d6\" data-element_type=\"widget\" data-widget_type=\"image.default\">\n\t\t\t\t<div class=\"elementor-widget-container\">\n\t\t\t\t\t\t\t\t\t\t\t\t\t\t\t\t<a href=\"https:\/\/cpa.org.gt\/desarrollo\/wordpress\/constitucion-del-colegio\/\">\n\t\t\t\t\t\t\t<img loading=\"lazy\" decoding=\"async\" width=\"370\" height=\"120\" src=\"https:\/\/cpa.org.gt\/desarrollo\/wordpress\/wp-content\/uploads\/2022\/03\/Colegio-02B.png\" class=\"attachment-large size-large wp-image-1329\" alt=\"\" srcset=\"https:\/\/cpa.org.gt\/desarrollo\/wordpress\/wp-content\/uploads\/2022\/03\/Colegio-02B.png 370w, https:\/\/cpa.org.gt\/desarrollo\/wordpress\/wp-content\/uploads\/2022\/03\/Colegio-02B-300x97.png 300w\" sizes=\"(max-width: 370px) 100vw, 370px\" \/>\t\t\t\t\t\t\t\t<\/a>\n\t\t\t\t\t\t\t\t\t\t\t\t\t\t\t<\/div>\n\t\t\t\t<\/div>\n\t\t\t\t\t<\/div>\n\t\t<\/div>\n\t\t\t\t\t<\/div>\n\t\t<\/section>\n\t\t\t\t<section class=\"elementor-section elementor-top-section elementor-element elementor-element-623ff52 elementor-section-boxed elementor-section-height-default elementor-section-height-default wpr-particle-no wpr-jarallax-no wpr-parallax-no wpr-sticky-section-no\" data-id=\"623ff52\" data-element_type=\"section\">\n\t\t\t\t\t\t<div class=\"elementor-container elementor-column-gap-default\">\n\t\t\t\t\t<div class=\"elementor-column elementor-col-100 elementor-top-column elementor-element elementor-element-7eb7068\" data-id=\"7eb7068\" data-element_type=\"column\">\n\t\t\t<div class=\"elementor-widget-wrap elementor-element-populated\">\n\t\t\t\t\t\t<div class=\"elementor-element elementor-element-23e12e7 elementor-widget elementor-widget-heading\" data-id=\"23e12e7\" data-element_type=\"widget\" data-widget_type=\"heading.default\">\n\t\t\t\t<div class=\"elementor-widget-container\">\n\t\t\t\t\t<h2 class=\"elementor-heading-title elementor-size-default\">Asamblea General<\/h2>\t\t\t\t<\/div>\n\t\t\t\t<\/div>\n\t\t\t\t\t<\/div>\n\t\t<\/div>\n\t\t\t\t\t<\/div>\n\t\t<\/section>\n\t\t\t\t<section class=\"elementor-section elementor-top-section elementor-element elementor-element-17b66ca elementor-section-boxed elementor-section-height-default elementor-section-height-default wpr-particle-no wpr-jarallax-no wpr-parallax-no wpr-sticky-section-no\" data-id=\"17b66ca\" data-element_type=\"section\">\n\t\t\t\t\t\t<div class=\"elementor-container elementor-column-gap-default\">\n\t\t\t\t\t<div class=\"elementor-column elementor-col-100 elementor-top-column elementor-element elementor-element-7f24cc1\" data-id=\"7f24cc1\" data-element_type=\"column\">\n\t\t\t<div class=\"elementor-widget-wrap elementor-element-populated\">\n\t\t\t\t\t\t<div class=\"elementor-element elementor-element-130f0ef elementor-widget elementor-widget-text-editor\" data-id=\"130f0ef\" data-element_type=\"widget\" data-widget_type=\"text-editor.default\">\n\t\t\t\t<div class=\"elementor-widget-container\">\n\t\t\t\t\t\t\t\t\t<p>La Asamblea General es el \u00f3rgano superior del Colegio y se integra con la reuni\u00f3n de sus colegiados activos en sesi\u00f3n ordinaria o extraordinaria. Todas las sesiones de la Asamblea General ser\u00e1n presididas por el presidente de la Junta Directiva o quien haga sus veces, con la asistencia del secretario o quien lo sustituya.<\/p>\t\t\t\t\t\t\t\t<\/div>\n\t\t\t\t<\/div>\n\t\t\t\t\t<\/div>\n\t\t<\/div>\n\t\t\t\t\t<\/div>\n\t\t<\/section>\n\t\t\t\t<section class=\"elementor-section elementor-top-section elementor-element elementor-element-4e26cc7 elementor-section-boxed elementor-section-height-default elementor-section-height-default wpr-particle-no wpr-jarallax-no wpr-parallax-no wpr-sticky-section-no\" data-id=\"4e26cc7\" data-element_type=\"section\">\n\t\t\t\t\t\t<div class=\"elementor-container elementor-column-gap-default\">\n\t\t\t\t\t<div class=\"elementor-column elementor-col-100 elementor-top-column elementor-element elementor-element-30f60f8\" data-id=\"30f60f8\" data-element_type=\"column\">\n\t\t\t<div class=\"elementor-widget-wrap elementor-element-populated\">\n\t\t\t\t\t\t<div class=\"elementor-element elementor-element-1a7ad81 elementor-widget elementor-widget-heading\" data-id=\"1a7ad81\" data-element_type=\"widget\" data-widget_type=\"heading.default\">\n\t\t\t\t<div class=\"elementor-widget-container\">\n\t\t\t\t\t<h2 class=\"elementor-heading-title elementor-size-default\">Constituci\u00f3n del Colegio<\/h2>\t\t\t\t<\/div>\n\t\t\t\t<\/div>\n\t\t\t\t\t<\/div>\n\t\t<\/div>\n\t\t\t\t\t<\/div>\n\t\t<\/section>\n\t\t\t\t<section class=\"elementor-section elementor-top-section elementor-element elementor-element-9af3382 elementor-section-boxed elementor-section-height-default elementor-section-height-default wpr-particle-no wpr-jarallax-no wpr-parallax-no wpr-sticky-section-no\" data-id=\"9af3382\" data-element_type=\"section\">\n\t\t\t\t\t\t<div class=\"elementor-container elementor-column-gap-default\">\n\t\t\t\t\t<div class=\"elementor-column elementor-col-100 elementor-top-column elementor-element elementor-element-b0d10bd\" data-id=\"b0d10bd\" data-element_type=\"column\">\n\t\t\t<div class=\"elementor-widget-wrap elementor-element-populated\">\n\t\t\t\t\t\t<div class=\"elementor-element elementor-element-a137a6d elementor-widget elementor-widget-text-editor\" data-id=\"a137a6d\" data-element_type=\"widget\" data-widget_type=\"text-editor.default\">\n\t\t\t\t<div class=\"elementor-widget-container\">\n\t\t\t\t\t\t\t\t\t<p><img loading=\"lazy\" decoding=\"async\" class=\"size-thumbnail wp-image-614 alignleft\" src=\"http:\/\/cpa.org.gt\/wp-content\/uploads\/2018\/02\/31-150x150.jpg\" alt=\"\" width=\"150\" height=\"150\" \/><\/p><p>El\u00a0<strong>15 de noviembre de 2002<\/strong>\u00a0lleg\u00f3; sucedi\u00f3 algo curioso, algo m\u00e1gico; los colegas empezaron a llenar el sal\u00f3n Las Naciones del Hotel Marriot de la zona 9 de la Ciudad de Guatemala. La sesi\u00f3n estaba programada para las 18:30 horas; sin embargo, se dio un lapso de 45 minutos m\u00e1s, porque hab\u00edan muchos colegas aun inscribiendo su nombre en este acto hist\u00f3rico, pues el notario p\u00fablico y asesor legal, junto a su equipo profesional, deb\u00edan verificar el debido acreditamiento de los asistentes, aunque ya se contaba con las listas previas se realizaron otras, donde a trav\u00e9s de varias mesas de registro identificadas por rangos de letras, cada quien se ubicaba, se identificaba y firmaba su asistencia.<\/p><p>La Comisi\u00f3n dio inici\u00f3 a la sesi\u00f3n, entonando el Himno Nacional,\u00a0 luego se procedi\u00f3 a dar lectura a una agenda preparada especialmente para este evento, en la que se presentaron antecedentes del proyecto, datos hist\u00f3ricos acerca de intentos de creaci\u00f3n del Colegio de Contadores P\u00fablicos y Auditores de Guatemala,\u00a0 con el apoyo del CPA V\u00edctor L\u00f3pez Zalda\u00f1a, (QEPD), quien se remont\u00f3 a los a\u00f1os 60\u2019s y 70\u00b4s cuando se intent\u00f3 algo similar, motivo por el cual la USAC, en esa \u00e9poca, declar\u00f3\u00a0<em>non gratos<\/em>\u00a0a los participantes de ese movimiento, lo cual caus\u00f3 mucha expectaci\u00f3n.<\/p><p><img loading=\"lazy\" decoding=\"async\" class=\"size-thumbnail wp-image-615 alignright\" src=\"http:\/\/cpa.org.gt\/wp-content\/uploads\/2018\/02\/41-150x150.jpg\" alt=\"\" width=\"150\" height=\"150\" \/>Luego se present\u00f3 el proyecto de creaci\u00f3n, indicando como punto de partida que era necesario la reuni\u00f3n y presencia en asamblea general, como m\u00ednimo, de 500 egresados de una misma profesi\u00f3n a nivel de licenciatura, lo cual en ese momento se desconoc\u00edael dato exacto de asistentes, aunque se percib\u00eda algo que hab\u00eda m\u00e1s de 500 CPA, solo con ver lleno el \u00a0sal\u00f3n grande.\u00a0 Al \u00a0momento del conteo, seg\u00fan las inscripciones se verific\u00f3 que estaban presentes 514 CPA, lo cual fue motivo de aplausos por todos, tanto por los asistentes como por la Comisi\u00f3n\u00a0 organizadora, para quien fue muy reconfortante por haber logrado un sue\u00f1o que ni los congresos y convenciones del IGCPA se hab\u00eda podido realizar anteriormente: reunir m\u00e1s de 500 profesionales de la contadur\u00eda p\u00fablica y auditor\u00eda en una convocatoria.<\/p><p><img loading=\"lazy\" decoding=\"async\" class=\"size-thumbnail wp-image-616 alignleft\" src=\"http:\/\/cpa.org.gt\/wp-content\/uploads\/2018\/02\/5-150x150.jpg\" alt=\"\" width=\"150\" height=\"150\" \/>Con la aprobaci\u00f3n de los m\u00e1s de 500 profesionales que asistieron a la convocatoria en el Hotel Marriot, nuestro Colegio de Contadores P\u00fablicos y Auditores de Guatemala quedaba constituido el\u00a0<strong>15 de noviembre de 2002<\/strong>, conforme a la Ley de Colegiaci\u00f3n Profesional Obligatoria, Decreto No. 72-2001 del Congreso de la Rep\u00fablica.<\/p><p>El notario Rodolfo Vielmann Castellanos (QEPD), asesor legal, procedi\u00f3 a redactar el acta de constituci\u00f3n respectiva y luego se procedi\u00f3 a proponer una junta provisional, debido a que as\u00ed lo manda la Ley de Colegiaci\u00f3n Profesional Obligatoria, resultando electos por aclamaci\u00f3n los CPA siguientes: Presidente, Oscar Vel\u00e1squez Flores; Vicepresidente, Ra\u00fal Francisco Lemus Gir\u00f3n; Secretario, Oscar Chile Monroy; Prosecretario, Salvador Israel Monroy Cer\u00f3n, \u00a0\u00a0\u00a0\u00a0\u00a0\u00a0\u00a0 Tesorero, Walter Exteven Molina May\u00e9n; Vocal I, Roberto Vinicio Zacar\u00edas y Vocal II, Felipe Antonio G\u00f3mez Fuentes. Por supuesto, esta Junta Directiva provisional tuvo\u00a0\u00a0Rosal\u00edo Celso Coyoy Estacuy, V\u00edctor L\u00f3pez Zalda\u00f1a (QEPD), Jos\u00e9 Fernando Gonz\u00e1lez Taracena, Mario Augusto Rodas Castillo, Oscar No\u00e9 L\u00f3pez Cord\u00f3n, Jorge Guillermo Obreg\u00f3n Reyna (QEPD), Carlos Reyes, Gilberto P\u00e9rez Orozco (QEPD), C\u00e9sar Roberto L\u00f3pez Vel\u00e1squez y otros profesionales cuya lista ser\u00eda muy larga. Posteriormente la Junta Provisional entreg\u00f3 a cada uno de los CPA copia del proyecto de estatutos para su estudio y se dej\u00f3 8 d\u00edas para que enviaran sus comentarios, debido a que lo \u00fanico que quedaba pendiente era ingresar el expediente a la Asamblea de Presidentes de los Colegios Profesionales, para su tr\u00e1mite y aprobaci\u00f3n.<img loading=\"lazy\" decoding=\"async\" class=\"size-thumbnail wp-image-617 alignright\" src=\"http:\/\/cpa.org.gt\/wp-content\/uploads\/2018\/02\/7-150x150.jpg\" alt=\"\" width=\"150\" height=\"150\" \/><\/p><p>El\u00a0<strong>22 de noviembre de 2002<\/strong>\u00a0se realiz\u00f3 en Quetzaltenango, en el Hotel Villa Real Plaza, la asamblea para firmar el acta de adhesi\u00f3n al acta de constituci\u00f3n del Colegio, evento en el cual \u00a0se \u00a0present\u00f3 el proyecto completo y comparecieron a firmar el acta 102 contadores p\u00fablicos y auditores del occidente de Guatemala, \u00a0quienes tambi\u00e9n estaban conscientes de la necesidad de la creaci\u00f3n del Colegio profesional espec\u00edfico de CPA<\/p>\t\t\t\t\t\t\t\t<\/div>\n\t\t\t\t<\/div>\n\t\t\t\t\t<\/div>\n\t\t<\/div>\n\t\t\t\t\t<\/div>\n\t\t<\/section>\n\t\t\t\t<section class=\"elementor-section elementor-top-section elementor-element elementor-element-d5a67bf elementor-section-boxed elementor-section-height-default elementor-section-height-default wpr-particle-no wpr-jarallax-no wpr-parallax-no wpr-sticky-section-no\" data-id=\"d5a67bf\" data-element_type=\"section\">\n\t\t\t\t\t\t<div class=\"elementor-container elementor-column-gap-default\">\n\t\t\t\t\t<div class=\"elementor-column elementor-col-100 elementor-top-column elementor-element elementor-element-fc66931\" data-id=\"fc66931\" data-element_type=\"column\">\n\t\t\t<div class=\"elementor-widget-wrap elementor-element-populated\">\n\t\t\t\t\t\t<div class=\"elementor-element elementor-element-b3a05a1 elementor-widget elementor-widget-heading\" data-id=\"b3a05a1\" data-element_type=\"widget\" data-widget_type=\"heading.default\">\n\t\t\t\t<div class=\"elementor-widget-container\">\n\t\t\t\t\t<h2 class=\"elementor-heading-title elementor-size-default\">Inscripci\u00f3n del Colegio<\/h2>\t\t\t\t<\/div>\n\t\t\t\t<\/div>\n\t\t\t\t\t<\/div>\n\t\t<\/div>\n\t\t\t\t\t<\/div>\n\t\t<\/section>\n\t\t\t\t<section class=\"elementor-section elementor-top-section elementor-element elementor-element-2c02e02 elementor-section-boxed elementor-section-height-default elementor-section-height-default wpr-particle-no wpr-jarallax-no wpr-parallax-no wpr-sticky-section-no\" data-id=\"2c02e02\" data-element_type=\"section\">\n\t\t\t\t\t\t<div class=\"elementor-container elementor-column-gap-default\">\n\t\t\t\t\t<div class=\"elementor-column elementor-col-100 elementor-top-column elementor-element elementor-element-a7aa6ce\" data-id=\"a7aa6ce\" data-element_type=\"column\">\n\t\t\t<div class=\"elementor-widget-wrap elementor-element-populated\">\n\t\t\t\t\t\t<div class=\"elementor-element elementor-element-1dfe34a elementor-widget elementor-widget-text-editor\" data-id=\"1dfe34a\" data-element_type=\"widget\" data-widget_type=\"text-editor.default\">\n\t\t\t\t<div class=\"elementor-widget-container\">\n\t\t\t\t\t\t\t\t\t<p><img loading=\"lazy\" decoding=\"async\" class=\"alignleft\" src=\"http:\/\/cpa.org.gt\/wp-content\/uploads\/2018\/02\/8-300x292.jpg\" width=\"152\" height=\"148\" \/>Fue\u00a0as\u00ed como el\u00a0<strong>29 de noviembre de 2002<\/strong>, la Junta Directiva Provisional, con el apoyo legal del notario Rodolfo Vielmann Castellanos (QEPD), con el fin de dar cumplimiento a los requisitos legales y hacer realidad la creaci\u00f3n de nuestro nuevo Colegio, \u00a0present\u00f3 el expediente legal completo a la Asamblea de Presidentes de los Colegios Profesionales, con la solicitud de aprobaci\u00f3n de la constituci\u00f3n del Colegio de Contadores P\u00fablicos y Auditores de Guatemala y su inscripci\u00f3n en el registro correspondiente.<\/p>\t\t\t\t\t\t\t\t<\/div>\n\t\t\t\t<\/div>\n\t\t\t\t\t<\/div>\n\t\t<\/div>\n\t\t\t\t\t<\/div>\n\t\t<\/section>\n\t\t\t\t<\/div>\n\t\t","protected":false},"excerpt":{"rendered":"<p>Asamblea General La Asamblea General es el \u00f3rgano superior del Colegio y se integra con la reuni\u00f3n de sus colegiados activos en sesi\u00f3n ordinaria o extraordinaria. Todas las sesiones de la Asamblea General ser\u00e1n presididas por el presidente de la Junta Directiva o quien haga sus veces, con la asistencia del secretario o quien lo sustituya. Constituci\u00f3n del Colegio El\u00a015 de noviembre de 2002\u00a0lleg\u00f3; sucedi\u00f3 algo curioso, algo m\u00e1gico; los colegas empezaron a llenar el sal\u00f3n Las Naciones del Hotel Marriot de la zona 9 de la Ciudad de Guatemala. La sesi\u00f3n estaba programada para las 18:30 horas; sin embargo, se dio un lapso de 45 minutos m\u00e1s, porque hab\u00edan muchos colegas aun inscribiendo su nombre en este acto hist\u00f3rico, pues el notario p\u00fablico y asesor legal, junto a su equipo profesional, deb\u00edan verificar el debido acreditamiento de los asistentes, aunque ya se contaba con las listas previas se realizaron otras, donde a trav\u00e9s de varias mesas de registro identificadas por rangos de letras, cada quien se ubicaba, se identificaba y firmaba su asistencia. La Comisi\u00f3n dio inici\u00f3 a la sesi\u00f3n, entonando el Himno Nacional,\u00a0 luego se procedi\u00f3 a dar lectura a una agenda preparada especialmente para este evento, en la que se presentaron antecedentes del proyecto, datos hist\u00f3ricos acerca de intentos de creaci\u00f3n del Colegio de Contadores P\u00fablicos y Auditores de Guatemala,\u00a0 con el apoyo del CPA V\u00edctor L\u00f3pez Zalda\u00f1a, (QEPD), quien se remont\u00f3 a los a\u00f1os 60\u2019s y 70\u00b4s cuando se intent\u00f3 algo similar, motivo por el cual la USAC, en esa \u00e9poca, declar\u00f3\u00a0non gratos\u00a0a los participantes de ese movimiento, lo cual caus\u00f3 mucha expectaci\u00f3n. Luego se present\u00f3 el proyecto de creaci\u00f3n, indicando como punto de partida que era necesario la reuni\u00f3n y presencia en asamblea general, como m\u00ednimo, de 500 egresados de una misma profesi\u00f3n a nivel de licenciatura, lo cual en ese momento se desconoc\u00edael dato exacto de asistentes, aunque se percib\u00eda algo que hab\u00eda m\u00e1s de 500 CPA, solo con ver lleno el \u00a0sal\u00f3n grande.\u00a0 Al \u00a0momento del conteo, seg\u00fan las inscripciones se verific\u00f3 que estaban presentes 514 CPA, lo cual fue motivo de aplausos por todos, tanto por los asistentes como por la Comisi\u00f3n\u00a0 organizadora, para quien fue muy reconfortante por haber logrado un sue\u00f1o que ni los congresos y convenciones del IGCPA se hab\u00eda podido realizar anteriormente: reunir m\u00e1s de 500 profesionales de la contadur\u00eda p\u00fablica y auditor\u00eda en una convocatoria. Con la aprobaci\u00f3n de los m\u00e1s de 500 profesionales que asistieron a la convocatoria en el Hotel Marriot, nuestro Colegio de Contadores P\u00fablicos y Auditores de Guatemala quedaba constituido el\u00a015 de noviembre de 2002, conforme a la Ley de Colegiaci\u00f3n Profesional Obligatoria, Decreto No. 72-2001 del Congreso de la Rep\u00fablica. El notario Rodolfo Vielmann Castellanos (QEPD), asesor legal, procedi\u00f3 a redactar el acta de constituci\u00f3n respectiva y luego se procedi\u00f3 a proponer una junta provisional, debido a que as\u00ed lo manda la Ley de Colegiaci\u00f3n Profesional Obligatoria, resultando electos por aclamaci\u00f3n los CPA siguientes: Presidente, Oscar Vel\u00e1squez Flores; Vicepresidente, Ra\u00fal Francisco Lemus Gir\u00f3n; Secretario, Oscar Chile Monroy; Prosecretario, Salvador Israel Monroy Cer\u00f3n, \u00a0\u00a0\u00a0\u00a0\u00a0\u00a0\u00a0 Tesorero, Walter Exteven Molina May\u00e9n; Vocal I, Roberto Vinicio Zacar\u00edas y Vocal II, Felipe Antonio G\u00f3mez Fuentes. Por supuesto, esta Junta Directiva provisional tuvo\u00a0\u00a0Rosal\u00edo Celso Coyoy Estacuy, V\u00edctor L\u00f3pez Zalda\u00f1a (QEPD), Jos\u00e9 Fernando Gonz\u00e1lez Taracena, Mario Augusto Rodas Castillo, Oscar No\u00e9 L\u00f3pez Cord\u00f3n, Jorge Guillermo Obreg\u00f3n Reyna (QEPD), Carlos Reyes, Gilberto P\u00e9rez Orozco (QEPD), C\u00e9sar Roberto L\u00f3pez Vel\u00e1squez y otros profesionales cuya lista ser\u00eda muy larga. Posteriormente la Junta Provisional entreg\u00f3 a cada uno de los CPA copia del proyecto de estatutos para su estudio y se dej\u00f3 8 d\u00edas para que enviaran sus comentarios, debido a que lo \u00fanico que quedaba pendiente era ingresar el expediente a la Asamblea de Presidentes de los Colegios Profesionales, para su tr\u00e1mite y aprobaci\u00f3n. El\u00a022 de noviembre de 2002\u00a0se realiz\u00f3 en Quetzaltenango, en el Hotel Villa Real Plaza, la asamblea para firmar el acta de adhesi\u00f3n al acta de constituci\u00f3n del Colegio, evento en el cual \u00a0se \u00a0present\u00f3 el proyecto completo y comparecieron a firmar el acta 102 contadores p\u00fablicos y auditores del occidente de Guatemala, \u00a0quienes tambi\u00e9n estaban conscientes de la necesidad de la creaci\u00f3n del Colegio profesional espec\u00edfico de CPA Inscripci\u00f3n del Colegio Fue\u00a0as\u00ed como el\u00a029 de noviembre de 2002, la Junta Directiva Provisional, con el apoyo legal del notario Rodolfo Vielmann Castellanos (QEPD), con el fin de dar cumplimiento a los requisitos legales y hacer realidad la creaci\u00f3n de nuestro nuevo Colegio, \u00a0present\u00f3 el expediente legal completo a la Asamblea de Presidentes de los Colegios Profesionales, con la solicitud de aprobaci\u00f3n de la constituci\u00f3n del Colegio de Contadores P\u00fablicos y Auditores de Guatemala y su inscripci\u00f3n en el registro correspondiente.<\/p>\n","protected":false},"author":1,"featured_media":0,"parent":0,"menu_order":0,"comment_status":"closed","ping_status":"closed","template":"","meta":{"zakra_sidebar_layout":"centered","zakra_remove_content_margin":false,"zakra_sidebar":"customizer","zakra_transparent_header":"customizer","zakra_logo":0,"zakra_main_header_style":"default","zakra_menu_item_color":"","zakra_menu_item_hover_color":"","zakra_menu_item_active_color":"","zakra_menu_active_style":"","zakra_page_header":false,"_cbd_carousel_blocks":"[]","_eb_attr":"","footnotes":""},"class_list":["post-1063","page","type-page","status-publish","hentry"],"_links":{"self":[{"href":"https:\/\/cpa.org.gt\/desarrollo\/wordpress\/wp-json\/wp\/v2\/pages\/1063","targetHints":{"allow":["GET"]}}],"collection":[{"href":"https:\/\/cpa.org.gt\/desarrollo\/wordpress\/wp-json\/wp\/v2\/pages"}],"about":[{"href":"https:\/\/cpa.org.gt\/desarrollo\/wordpress\/wp-json\/wp\/v2\/types\/page"}],"author":[{"embeddable":true,"href":"https:\/\/cpa.org.gt\/desarrollo\/wordpress\/wp-json\/wp\/v2\/users\/1"}],"replies":[{"embeddable":true,"href":"https:\/\/cpa.org.gt\/desarrollo\/wordpress\/wp-json\/wp\/v2\/comments?post=1063"}],"version-history":[{"count":13,"href":"https:\/\/cpa.org.gt\/desarrollo\/wordpress\/wp-json\/wp\/v2\/pages\/1063\/revisions"}],"predecessor-version":[{"id":2086,"href":"https:\/\/cpa.org.gt\/desarrollo\/wordpress\/wp-json\/wp\/v2\/pages\/1063\/revisions\/2086"}],"wp:attachment":[{"href":"https:\/\/cpa.org.gt\/desarrollo\/wordpress\/wp-json\/wp\/v2\/media?parent=1063"}],"curies":[{"name":"wp","href":"https:\/\/api.w.org\/{rel}","templated":true}]}}