{"id":1316,"date":"2022-03-24T22:00:57","date_gmt":"2022-03-25T04:00:57","guid":{"rendered":"https:\/\/cpa.org.gt\/desarrollo\/wordpress\/?page_id=1316"},"modified":"2022-03-24T22:04:18","modified_gmt":"2022-03-25T04:04:18","slug":"antecedentes","status":"publish","type":"page","link":"https:\/\/cpa.org.gt\/desarrollo\/wordpress\/antecedentes\/","title":{"rendered":"Antecedentes"},"content":{"rendered":"\t\t<div data-elementor-type=\"wp-page\" data-elementor-id=\"1316\" class=\"elementor elementor-1316\">\n\t\t\t\t\t\t<section class=\"elementor-section elementor-top-section elementor-element elementor-element-3d4dc40 elementor-section-boxed elementor-section-height-default elementor-section-height-default wpr-particle-no wpr-jarallax-no wpr-parallax-no wpr-sticky-section-no\" data-id=\"3d4dc40\" data-element_type=\"section\">\n\t\t\t\t\t\t<div class=\"elementor-container elementor-column-gap-default\">\n\t\t\t\t\t<div class=\"elementor-column elementor-col-100 elementor-top-column elementor-element elementor-element-abed4e2\" data-id=\"abed4e2\" data-element_type=\"column\">\n\t\t\t<div class=\"elementor-widget-wrap elementor-element-populated\">\n\t\t\t\t\t\t<div class=\"elementor-element elementor-element-b21b5fb elementor-widget elementor-widget-image\" data-id=\"b21b5fb\" data-element_type=\"widget\" data-widget_type=\"image.default\">\n\t\t\t\t<div class=\"elementor-widget-container\">\n\t\t\t\t\t\t\t\t\t\t\t\t\t\t\t<img fetchpriority=\"high\" decoding=\"async\" width=\"812\" height=\"171\" src=\"https:\/\/cpa.org.gt\/desarrollo\/wordpress\/wp-content\/uploads\/2022\/03\/Banner-Antecedentes-1024x216.png\" class=\"attachment-large size-large wp-image-1319\" alt=\"\" srcset=\"https:\/\/cpa.org.gt\/desarrollo\/wordpress\/wp-content\/uploads\/2022\/03\/Banner-Antecedentes-1024x216.png 1024w, https:\/\/cpa.org.gt\/desarrollo\/wordpress\/wp-content\/uploads\/2022\/03\/Banner-Antecedentes-300x63.png 300w, https:\/\/cpa.org.gt\/desarrollo\/wordpress\/wp-content\/uploads\/2022\/03\/Banner-Antecedentes-768x162.png 768w, https:\/\/cpa.org.gt\/desarrollo\/wordpress\/wp-content\/uploads\/2022\/03\/Banner-Antecedentes.png 1115w\" sizes=\"(max-width: 812px) 100vw, 812px\" \/>\t\t\t\t\t\t\t\t\t\t\t\t\t\t\t<\/div>\n\t\t\t\t<\/div>\n\t\t\t\t\t<\/div>\n\t\t<\/div>\n\t\t\t\t\t<\/div>\n\t\t<\/section>\n\t\t\t\t<section class=\"elementor-section elementor-top-section elementor-element elementor-element-e10149c elementor-section-boxed elementor-section-height-default elementor-section-height-default wpr-particle-no wpr-jarallax-no wpr-parallax-no wpr-sticky-section-no\" data-id=\"e10149c\" data-element_type=\"section\">\n\t\t\t\t\t\t<div class=\"elementor-container elementor-column-gap-default\">\n\t\t\t\t\t<div class=\"elementor-column elementor-col-100 elementor-top-column elementor-element elementor-element-39083e1\" data-id=\"39083e1\" data-element_type=\"column\">\n\t\t\t<div class=\"elementor-widget-wrap elementor-element-populated\">\n\t\t\t\t\t\t<div class=\"elementor-element elementor-element-e4c6530 elementor-widget elementor-widget-text-editor\" data-id=\"e4c6530\" data-element_type=\"widget\" data-widget_type=\"text-editor.default\">\n\t\t\t\t<div class=\"elementor-widget-container\">\n\t\t\t\t\t\t\t\t\t<p>Durante el a\u00f1o 2001 surgi\u00f3 la inquietud de un grupo de profesionales de la contadur\u00eda p\u00fablica y auditor\u00eda para formar parte de la Comisi\u00f3n de Reestructuraci\u00f3n del Instituto Guatemalteco de Contadores P\u00fablicos y Auditores (IGCPA); por iniciativa de los licenciados Oscar Vel\u00e1squez Flores, Ra\u00fal Francisco Lemus Gir\u00f3n y Oscar Chile Monroy se inici\u00f3 la reestructuraci\u00f3n de la profesi\u00f3n del CPA en Guatemala. Como profesionales dedicados 100% a la profesi\u00f3n y con la \u00fanica visi\u00f3n de lograr mejoras t\u00e9cnicas y profesionales para todo el gremio, as\u00ed como tambi\u00e9n lograr la creaci\u00f3n de un ente con mayor identificaci\u00f3n en la defensa y desarrollo legal y \u00e9tico del contador p\u00fablico y auditor, dichos profesionales aceptaron el reto.<\/p><p>Fue a principios de noviembre del 2001 cuando en representaci\u00f3n de la Comisi\u00f3n de Reestructuraci\u00f3n del IGCPA, se visit\u00f3 el Congreso de la Rep\u00fablica a efecto de conocer el estatus de un proyecto de ley de colegiaci\u00f3n profesional, logrando obtener una copia del proyecto que estaba por discutirse en el pleno del Congreso de la Rep\u00fablica.<\/p><p>Cuando la comisi\u00f3n revis\u00f3 dicho proyecto, se encontraron10 art\u00edculos que afectaban las profesiones en general, por lo que se present\u00f3 al Presidente la Comisi\u00f3n de Legislaci\u00f3n y Puntos Constitucionales del Congreso de la Rep\u00fablica, licenciado Otto Ren\u00e9 Cabrera, propuestas de cambio que en su mayor\u00eda fueron atendidas para bien de todos los profesionales.<\/p><p>Posteriormente surgi\u00f3 \u00a0la Ley de Colegiaci\u00f3n Profesional Obligatoria, contenida en el Decreto No. 72-2001 del Congreso de la Rep\u00fablica, \u00a0publicado el 21 de diciembre del 2001, creando m\u00faltiples controversias principalmente para los periodistas, quienes interpusieron recursos legales contra algunos de los art\u00edculos de esta ley, los que fueron declarados con lugar por parte de la Corte de Constitucionalidad, declarando desde ese momento dicha ley vigente en los dem\u00e1s art\u00edculos.<\/p><p>Estos problemas se resolvieron en el transcurso de ocho meses, tiempo durante el cual\u00a0 la comisi\u00f3n se mantuvo a la espera de las resoluciones, generando algunos boletines informativos sobre la nueva Ley de Colegiaci\u00f3n Profesional Obligatoria y sobre la situaci\u00f3n del proyecto del Colegio de Contadores P\u00fablicos y Auditores de Guatemala (CCPA); as\u00ed mismo, se trat\u00f3 de conocer el inter\u00e9s que pod\u00eda existir para la creaci\u00f3n legal de un Colegio de exclusivo de CPA, invit\u00e1ndoles a firmar algunas listas como constancia de su aval para la creaci\u00f3n. Fue as\u00ed como durante los meses de julio y agosto de 2002, se emitieron boletines informativos y el 3 de septiembre de 2002 se convoc\u00f3 a una primera reuni\u00f3n a ex directivos y ex colaboradores de comisiones del IGCPA, en la sede de dicho Instituto.<\/p><p>La Comisi\u00f3n de Reestructuraci\u00f3n del IGCPA invit\u00f3 a 28 CPA a una reuni\u00f3n a efectuarse el 3 de septiembre de 2002, en la sede del IGCPA, ubicada en la 6 Avenida 0-60 Zona 4, oficina 603, 6\u00ba nivel, Torre Profesional I, Centro Comercial Zona 4, de la Ciudad de Guatemala.<\/p>\t\t\t\t\t\t\t\t<\/div>\n\t\t\t\t<\/div>\n\t\t\t\t\t<\/div>\n\t\t<\/div>\n\t\t\t\t\t<\/div>\n\t\t<\/section>\n\t\t\t\t<\/div>\n\t\t","protected":false},"excerpt":{"rendered":"<p>Durante el a\u00f1o 2001 surgi\u00f3 la inquietud de un grupo de profesionales de la contadur\u00eda p\u00fablica y auditor\u00eda para formar parte de la Comisi\u00f3n de Reestructuraci\u00f3n del Instituto Guatemalteco de Contadores P\u00fablicos y Auditores (IGCPA); por iniciativa de los licenciados Oscar Vel\u00e1squez Flores, Ra\u00fal Francisco Lemus Gir\u00f3n y Oscar Chile Monroy se inici\u00f3 la reestructuraci\u00f3n de la profesi\u00f3n del CPA en Guatemala. Como profesionales dedicados 100% a la profesi\u00f3n y con la \u00fanica visi\u00f3n de lograr mejoras t\u00e9cnicas y profesionales para todo el gremio, as\u00ed como tambi\u00e9n lograr la creaci\u00f3n de un ente con mayor identificaci\u00f3n en la defensa y desarrollo legal y \u00e9tico del contador p\u00fablico y auditor, dichos profesionales aceptaron el reto. Fue a principios de noviembre del 2001 cuando en representaci\u00f3n de la Comisi\u00f3n de Reestructuraci\u00f3n del IGCPA, se visit\u00f3 el Congreso de la Rep\u00fablica a efecto de conocer el estatus de un proyecto de ley de colegiaci\u00f3n profesional, logrando obtener una copia del proyecto que estaba por discutirse en el pleno del Congreso de la Rep\u00fablica. Cuando la comisi\u00f3n revis\u00f3 dicho proyecto, se encontraron10 art\u00edculos que afectaban las profesiones en general, por lo que se present\u00f3 al Presidente la Comisi\u00f3n de Legislaci\u00f3n y Puntos Constitucionales del Congreso de la Rep\u00fablica, licenciado Otto Ren\u00e9 Cabrera, propuestas de cambio que en su mayor\u00eda fueron atendidas para bien de todos los profesionales. Posteriormente surgi\u00f3 \u00a0la Ley de Colegiaci\u00f3n Profesional Obligatoria, contenida en el Decreto No. 72-2001 del Congreso de la Rep\u00fablica, \u00a0publicado el 21 de diciembre del 2001, creando m\u00faltiples controversias principalmente para los periodistas, quienes interpusieron recursos legales contra algunos de los art\u00edculos de esta ley, los que fueron declarados con lugar por parte de la Corte de Constitucionalidad, declarando desde ese momento dicha ley vigente en los dem\u00e1s art\u00edculos. Estos problemas se resolvieron en el transcurso de ocho meses, tiempo durante el cual\u00a0 la comisi\u00f3n se mantuvo a la espera de las resoluciones, generando algunos boletines informativos sobre la nueva Ley de Colegiaci\u00f3n Profesional Obligatoria y sobre la situaci\u00f3n del proyecto del Colegio de Contadores P\u00fablicos y Auditores de Guatemala (CCPA); as\u00ed mismo, se trat\u00f3 de conocer el inter\u00e9s que pod\u00eda existir para la creaci\u00f3n legal de un Colegio de exclusivo de CPA, invit\u00e1ndoles a firmar algunas listas como constancia de su aval para la creaci\u00f3n. Fue as\u00ed como durante los meses de julio y agosto de 2002, se emitieron boletines informativos y el 3 de septiembre de 2002 se convoc\u00f3 a una primera reuni\u00f3n a ex directivos y ex colaboradores de comisiones del IGCPA, en la sede de dicho Instituto. La Comisi\u00f3n de Reestructuraci\u00f3n del IGCPA invit\u00f3 a 28 CPA a una reuni\u00f3n a efectuarse el 3 de septiembre de 2002, en la sede del IGCPA, ubicada en la 6 Avenida 0-60 Zona 4, oficina 603, 6\u00ba nivel, Torre Profesional I, Centro Comercial Zona 4, de la Ciudad de Guatemala.<\/p>\n","protected":false},"author":1,"featured_media":0,"parent":0,"menu_order":0,"comment_status":"closed","ping_status":"closed","template":"","meta":{"zakra_sidebar_layout":"centered","zakra_remove_content_margin":false,"zakra_sidebar":"customizer","zakra_transparent_header":"customizer","zakra_logo":0,"zakra_main_header_style":"default","zakra_menu_item_color":"","zakra_menu_item_hover_color":"","zakra_menu_item_active_color":"","zakra_menu_active_style":"","zakra_page_header":false,"_cbd_carousel_blocks":"[]","_eb_attr":"","footnotes":""},"class_list":["post-1316","page","type-page","status-publish","hentry"],"_links":{"self":[{"href":"https:\/\/cpa.org.gt\/desarrollo\/wordpress\/wp-json\/wp\/v2\/pages\/1316","targetHints":{"allow":["GET"]}}],"collection":[{"href":"https:\/\/cpa.org.gt\/desarrollo\/wordpress\/wp-json\/wp\/v2\/pages"}],"about":[{"href":"https:\/\/cpa.org.gt\/desarrollo\/wordpress\/wp-json\/wp\/v2\/types\/page"}],"author":[{"embeddable":true,"href":"https:\/\/cpa.org.gt\/desarrollo\/wordpress\/wp-json\/wp\/v2\/users\/1"}],"replies":[{"embeddable":true,"href":"https:\/\/cpa.org.gt\/desarrollo\/wordpress\/wp-json\/wp\/v2\/comments?post=1316"}],"version-history":[{"count":7,"href":"https:\/\/cpa.org.gt\/desarrollo\/wordpress\/wp-json\/wp\/v2\/pages\/1316\/revisions"}],"predecessor-version":[{"id":1325,"href":"https:\/\/cpa.org.gt\/desarrollo\/wordpress\/wp-json\/wp\/v2\/pages\/1316\/revisions\/1325"}],"wp:attachment":[{"href":"https:\/\/cpa.org.gt\/desarrollo\/wordpress\/wp-json\/wp\/v2\/media?parent=1316"}],"curies":[{"name":"wp","href":"https:\/\/api.w.org\/{rel}","templated":true}]}}