{"id":1736,"date":"2022-11-03T19:28:11","date_gmt":"2022-11-04T01:28:11","guid":{"rendered":"https:\/\/cpa.org.gt\/desarrollo\/wordpress\/?page_id=1736"},"modified":"2023-09-26T13:25:56","modified_gmt":"2023-09-26T19:25:56","slug":"gestiones","status":"publish","type":"page","link":"https:\/\/cpa.org.gt\/desarrollo\/wordpress\/gestiones\/","title":{"rendered":"Gestiones"},"content":{"rendered":"\t\t<div data-elementor-type=\"wp-page\" data-elementor-id=\"1736\" class=\"elementor elementor-1736\">\n\t\t\t\t\t\t<section class=\"elementor-section elementor-top-section elementor-element elementor-element-2eb76f1 elementor-section-boxed elementor-section-height-default elementor-section-height-default wpr-particle-no wpr-jarallax-no wpr-parallax-no wpr-sticky-section-no\" data-id=\"2eb76f1\" data-element_type=\"section\">\n\t\t\t\t\t\t<div class=\"elementor-container elementor-column-gap-default\">\n\t\t\t\t\t<div class=\"elementor-column elementor-col-100 elementor-top-column elementor-element elementor-element-0b04dc1\" data-id=\"0b04dc1\" data-element_type=\"column\">\n\t\t\t<div class=\"elementor-widget-wrap elementor-element-populated\">\n\t\t\t\t\t\t<div class=\"elementor-element elementor-element-e4d37c8 elementor-widget elementor-widget-image\" data-id=\"e4d37c8\" data-element_type=\"widget\" data-widget_type=\"image.default\">\n\t\t\t\t<div class=\"elementor-widget-container\">\n\t\t\t\t\t\t\t\t\t\t\t\t\t\t\t<img fetchpriority=\"high\" decoding=\"async\" width=\"812\" height=\"171\" src=\"https:\/\/cpa.org.gt\/desarrollo\/wordpress\/wp-content\/uploads\/2022\/11\/Banner-Gestiones-1024x216.png\" class=\"attachment-large size-large wp-image-1738\" alt=\"\" srcset=\"https:\/\/cpa.org.gt\/desarrollo\/wordpress\/wp-content\/uploads\/2022\/11\/Banner-Gestiones-1024x216.png 1024w, https:\/\/cpa.org.gt\/desarrollo\/wordpress\/wp-content\/uploads\/2022\/11\/Banner-Gestiones-300x63.png 300w, https:\/\/cpa.org.gt\/desarrollo\/wordpress\/wp-content\/uploads\/2022\/11\/Banner-Gestiones-768x162.png 768w, https:\/\/cpa.org.gt\/desarrollo\/wordpress\/wp-content\/uploads\/2022\/11\/Banner-Gestiones.png 1115w\" sizes=\"(max-width: 812px) 100vw, 812px\" \/>\t\t\t\t\t\t\t\t\t\t\t\t\t\t\t<\/div>\n\t\t\t\t<\/div>\n\t\t\t\t\t<\/div>\n\t\t<\/div>\n\t\t\t\t\t<\/div>\n\t\t<\/section>\n\t\t\t\t<section class=\"elementor-section elementor-top-section elementor-element elementor-element-43aa235 elementor-section-boxed elementor-section-height-default elementor-section-height-default wpr-particle-no wpr-jarallax-no wpr-parallax-no wpr-sticky-section-no\" data-id=\"43aa235\" data-element_type=\"section\">\n\t\t\t\t\t\t<div class=\"elementor-container elementor-column-gap-default\">\n\t\t\t\t\t<div class=\"elementor-column elementor-col-100 elementor-top-column elementor-element elementor-element-7e963f7\" data-id=\"7e963f7\" data-element_type=\"column\">\n\t\t\t<div class=\"elementor-widget-wrap elementor-element-populated\">\n\t\t\t\t\t\t<div class=\"elementor-element elementor-element-4652cdc elementor-widget elementor-widget-text-editor\" data-id=\"4652cdc\" data-element_type=\"widget\" data-widget_type=\"text-editor.default\">\n\t\t\t\t<div class=\"elementor-widget-container\">\n\t\t\t\t\t\t\t\t\t<h3 style=\"text-align: center;\"><span style=\"text-decoration: underline;\"><strong><span style=\"color: #002876; text-decoration: underline;\">DISTINTIVOS<\/span><\/strong><\/span><\/h3><p style=\"margin-bottom: 0cm; font-size: 14px; font-style: normal; font-weight: 400; color: #7a7a7a; background-image: initial; background-position: initial; background-size: initial; background-repeat: initial; background-attachment: initial; background-origin: initial; background-clip: initial; line-height: normal;\"><strong><span style=\"font-style: inherit; color: var( --e-global-color-text ); font-family: var( --e-global-typography-text-font-family ), Sans-serif;\"><span style=\"font-size: 13.5pt; font-family: Rasa, serif; color: #103595;\">Reposici\u00f3n<\/span><\/span><span style=\"font-style: inherit; color: var( --e-global-color-text ); font-family: var( --e-global-typography-text-font-family ), Sans-serif;\"><span style=\"font-size: 13.5pt; font-family: Rasa, serif; color: #103595;\"> de Carn\u00e9<\/span><\/span><\/strong><\/p><p style=\"margin-bottom: 15pt; font-size: 14px; font-style: normal; font-weight: 400; color: #7a7a7a; background-image: initial; background-position: initial; background-size: initial; background-repeat: initial; background-attachment: initial; background-origin: initial; background-clip: initial; line-height: normal;\"><strong><span style=\"font-size: 13.5pt; font-family: Rasa, serif; color: #16181a;\">Valor Q 50.00<\/span><\/strong><\/p><p style=\"margin-bottom: 0cm; font-size: 14px; font-style: normal; font-weight: 400; color: #7a7a7a;\"><span style=\"font-weight: bold;\"><img decoding=\"async\" class=\"emoji\" role=\"img\" draggable=\"false\" src=\"https:\/\/s.w.org\/images\/core\/emoji\/14.0.0\/svg\/2714.svg\" alt=\"\u2714\" \/> Banrural<\/span><\/p><p style=\"margin-bottom: 0cm; font-size: 14px; font-style: normal; font-weight: 400; color: #7a7a7a;\">Transacci\u00f3n 382 convenio 03<\/p><p style=\"margin-bottom: 0cm; font-size: 14px; font-style: normal; font-weight: 400; color: #7a7a7a;\"><span style=\"font-weight: bold;\"><img decoding=\"async\" class=\"emoji\" role=\"img\" draggable=\"false\" src=\"https:\/\/s.w.org\/images\/core\/emoji\/14.0.0\/svg\/2714.svg\" alt=\"\u2714\" \/> Banco Industrial<\/span><\/p><p style=\"margin-bottom: 0cm; font-size: 14px; font-style: normal; font-weight: 400; color: #7a7a7a;\">Convenio 1330 opci\u00f3n 05<\/p><p style=\"margin-bottom: 0cm; font-size: 14px; font-style: normal; font-weight: 400; color: #7a7a7a;\"><span style=\"font-weight: bold;\"><img decoding=\"async\" class=\"emoji\" role=\"img\" draggable=\"false\" src=\"https:\/\/s.w.org\/images\/core\/emoji\/14.0.0\/svg\/2714.svg\" alt=\"\u2714\" \/> Banca Virtual<\/span><\/p><p style=\"margin-bottom: 0cm; font-size: 14px; font-style: normal; font-weight: 400; color: #7a7a7a;\">Banrural<\/p><p style=\"margin-bottom: 0cm; font-size: 14px; font-style: normal; font-weight: 400; color: #7a7a7a;\">Banco Industrial<\/p><p style=\"margin-bottom: 0cm; font-size: 14px; font-style: normal; font-weight: 400; color: #7a7a7a;\">Visa link (solic\u00edtalo al correo\u00a0<a href=\"mailto:cobros@cpa.org.gt\">cobros@cpa.org.gt<\/a>)<\/p><p style=\"margin-bottom: 15pt; font-size: 14px; font-style: normal; font-weight: 400; color: #7a7a7a; background-image: initial; background-position: initial; background-size: initial; background-repeat: initial; background-attachment: initial; background-origin: initial; background-clip: initial; line-height: normal;\"><span style=\"font-weight: bold;\"><span style=\"font-size: 13.5pt; font-family: Rasa, serif; color: #103595;\">\u00a0<\/span><\/span><\/p><p style=\"margin-bottom: 15pt; font-size: 14px; font-style: normal; font-weight: 400; color: #7a7a7a; background-image: initial; background-position: initial; background-size: initial; background-repeat: initial; background-attachment: initial; background-origin: initial; background-clip: initial; line-height: normal;\"><span style=\"font-weight: bold;\"><span style=\"font-size: 13.5pt; font-family: Rasa, serif; color: #103595;\">Reposici\u00f3n de pin<\/span><\/span><span style=\"font-size: 13.5pt; font-family: Rasa, serif; color: #16181a;\"><br \/><strong>Valor Q 25.00<\/strong><\/span><\/p><p style=\"margin-bottom: 0cm; font-size: 14px; font-style: normal; font-weight: 400; color: #7a7a7a;\"><span style=\"font-weight: bold;\"><img decoding=\"async\" class=\"emoji\" role=\"img\" draggable=\"false\" src=\"https:\/\/s.w.org\/images\/core\/emoji\/14.0.0\/svg\/2714.svg\" alt=\"\u2714\" \/> Banrural<\/span><\/p><p style=\"margin-bottom: 0cm; font-size: 14px; font-style: normal; font-weight: 400; color: #7a7a7a;\">Transacci\u00f3n 382 opci\u00f3n 65<\/p><p style=\"margin-bottom: 0cm; font-size: 14px; font-style: normal; font-weight: 400; color: #7a7a7a;\"><span style=\"font-weight: bold;\"><img decoding=\"async\" class=\"emoji\" role=\"img\" draggable=\"false\" src=\"https:\/\/s.w.org\/images\/core\/emoji\/14.0.0\/svg\/2714.svg\" alt=\"\u2714\" \/> Banco Industrial<\/span><\/p><p style=\"margin-bottom: 0cm; font-size: 14px; font-style: normal; font-weight: 400; color: #7a7a7a;\">Convenio 1330<\/p><p style=\"margin-bottom: 0cm; font-size: 14px; font-style: normal; font-weight: 400; color: #7a7a7a;\"><span style=\"font-weight: bold;\"><img decoding=\"async\" class=\"emoji\" role=\"img\" draggable=\"false\" src=\"https:\/\/s.w.org\/images\/core\/emoji\/14.0.0\/svg\/2714.svg\" alt=\"\u2714\" \/> Banca Virtual<\/span><\/p><p style=\"margin-bottom: 0cm; font-size: 14px; font-style: normal; font-weight: 400; color: #7a7a7a;\">Banrural<\/p><p style=\"margin-bottom: 0cm; font-size: 14px; font-style: normal; font-weight: 400; color: #7a7a7a;\">Banco Industrial<\/p><p style=\"margin-bottom: 15pt; font-size: 14px; font-style: normal; font-weight: 400; color: #7a7a7a; background-image: initial; background-position: initial; background-size: initial; background-repeat: initial; background-attachment: initial; background-origin: initial; background-clip: initial; line-height: normal;\"><span style=\"font-weight: bold;\"><span style=\"font-size: 13.5pt; font-family: Rasa, serif; color: #103595;\">\u00a0<\/span><\/span><\/p><p style=\"margin-bottom: 15pt; font-size: 14px; font-style: normal; font-weight: 400; color: #7a7a7a; background-image: initial; background-position: initial; background-size: initial; background-repeat: initial; background-attachment: initial; background-origin: initial; background-clip: initial; line-height: normal;\"><span style=\"font-weight: bold;\"><span style=\"font-size: 13.5pt; font-family: Rasa, serif; color: #103595;\">Constancia de calidad<\/span><\/span><span style=\"font-size: 13.5pt; font-family: Rasa, serif; color: #16181a;\"><br \/><strong>Valor Q 25.00<\/strong><\/span><\/p><p style=\"margin-bottom: 0cm; font-size: 14px; font-style: normal; font-weight: 400; color: #7a7a7a;\"><span style=\"font-style: inherit; color: var( --e-global-color-text ); font-family: var( --e-global-typography-text-font-family ), Sans-serif;\"><span style=\"font-weight: bold;\"><img decoding=\"async\" class=\"emoji\" role=\"img\" draggable=\"false\" src=\"https:\/\/s.w.org\/images\/core\/emoji\/14.0.0\/svg\/2714.svg\" alt=\"\u2714\" \/> Banrural<\/span><\/span><\/p><p style=\"margin-bottom: 0cm; font-size: 14px; font-style: normal; font-weight: 400; color: #7a7a7a;\">Pago como constancia f\u00edsica<\/p><p style=\"margin-bottom: 0cm; font-size: 14px; font-style: normal; font-weight: 400; color: #7a7a7a;\"><span style=\"font-weight: bold;\"><img decoding=\"async\" class=\"emoji\" role=\"img\" draggable=\"false\" src=\"https:\/\/s.w.org\/images\/core\/emoji\/14.0.0\/svg\/2714.svg\" alt=\"\u2714\" \/> Banco Industrial<\/span><\/p><p style=\"margin-bottom: 0cm; font-size: 14px; font-style: normal; font-weight: 400; color: #7a7a7a;\">Pago como constancia f\u00edsica<\/p><p style=\"margin-bottom: 0cm; font-size: 14px; font-style: normal; font-weight: 400; color: #7a7a7a;\"><span style=\"font-weight: bold;\"><img decoding=\"async\" class=\"emoji\" role=\"img\" draggable=\"false\" src=\"https:\/\/s.w.org\/images\/core\/emoji\/14.0.0\/svg\/2714.svg\" alt=\"\u2714\" \/> Banca Virtual<\/span><\/p><p style=\"margin-bottom: 0cm; font-size: 14px; font-style: normal; font-weight: 400; color: #7a7a7a;\">Banrural<\/p><p style=\"margin-bottom: 0cm; font-size: 14px; font-style: normal; font-weight: 400; color: #7a7a7a;\">Banco Industrial<\/p><p style=\"margin-bottom: 0cm; font-size: 14px; font-style: normal; font-weight: 400; color: #7a7a7a;\">El agremiado debe enviar la imagen de pago a <a href=\"mailto:cpaexpedientes@cpa.org.gt\">cpaexpedientes@cpa.org.gt<\/a><\/p><p style=\"margin-bottom: 15pt; font-size: 14px; font-style: normal; font-weight: 400; color: #7a7a7a; background-image: initial; background-position: initial; background-size: initial; background-repeat: initial; background-attachment: initial; background-origin: initial; background-clip: initial; line-height: normal;\"><span style=\"font-weight: bold;\"><span style=\"font-size: 13.5pt; font-family: Rasa, serif; color: #103595;\">\u00a0<\/span><\/span><\/p><p style=\"margin-bottom: 15pt; font-size: 14px; font-style: normal; font-weight: 400; color: #7a7a7a; background-image: initial; background-position: initial; background-size: initial; background-repeat: initial; background-attachment: initial; background-origin: initial; background-clip: initial; line-height: normal;\"><span style=\"font-weight: bold;\"><span style=\"font-size: 13.5pt; font-family: Rasa, serif; color: #103595;\">Constancia de colegiado activo<\/span><\/span><span style=\"font-size: 13.5pt; font-family: Rasa, serif; color: #16181a;\"><br \/><strong>Valor Q 5.00<\/strong><\/span><\/p><p style=\"margin-bottom: 0cm; font-size: 14px; font-style: normal; font-weight: 400; color: #7a7a7a;\"><span style=\"font-weight: bold;\"><img decoding=\"async\" class=\"emoji\" role=\"img\" draggable=\"false\" src=\"https:\/\/s.w.org\/images\/core\/emoji\/14.0.0\/svg\/2714.svg\" alt=\"\u2714\" \/> Banrural<\/span><\/p><p style=\"margin-bottom: 0cm; font-size: 14px; font-style: normal; font-weight: 400; color: #7a7a7a;\">Transacci\u00f3n 384<\/p><p style=\"margin-bottom: 0cm; font-size: 14px; font-style: normal; font-weight: 400; color: #7a7a7a;\"><span style=\"font-weight: bold;\"><img decoding=\"async\" class=\"emoji\" role=\"img\" draggable=\"false\" src=\"https:\/\/s.w.org\/images\/core\/emoji\/14.0.0\/svg\/2714.svg\" alt=\"\u2714\" \/> Banco Industrial<\/span><\/p><p style=\"margin-bottom: 0cm; font-size: 14px; font-style: normal; font-weight: 400; color: #7a7a7a;\">Convenio 1330<\/p><p style=\"margin-bottom: 0cm; font-size: 14px; font-style: normal; font-weight: 400; color: #7a7a7a;\"><span style=\"font-weight: bold;\"><img decoding=\"async\" class=\"emoji\" role=\"img\" draggable=\"false\" src=\"https:\/\/s.w.org\/images\/core\/emoji\/14.0.0\/svg\/2714.svg\" alt=\"\u2714\" \/> Banca Virtual<\/span><\/p><p style=\"margin-bottom: 0cm; font-size: 14px; font-style: normal; font-weight: 400; color: #7a7a7a;\">Banrural<\/p><p style=\"margin-bottom: 0cm; font-size: 14px; font-style: normal; font-weight: 400; color: #7a7a7a;\">Banco Industrial<\/p>\t\t\t\t\t\t\t\t<\/div>\n\t\t\t\t<\/div>\n\t\t\t\t\t<\/div>\n\t\t<\/div>\n\t\t\t\t\t<\/div>\n\t\t<\/section>\n\t\t\t\t<\/div>\n\t\t","protected":false},"excerpt":{"rendered":"<p>DISTINTIVOS Reposici\u00f3n de Carn\u00e9 Valor Q 50.00 Banrural Transacci\u00f3n 382 convenio 03 Banco Industrial Convenio 1330 opci\u00f3n 05 Banca Virtual Banrural Banco Industrial Visa link (solic\u00edtalo al correo\u00a0cobros@cpa.org.gt) \u00a0 Reposici\u00f3n de pinValor Q 25.00 Banrural Transacci\u00f3n 382 opci\u00f3n 65 Banco Industrial Convenio 1330 Banca Virtual Banrural Banco Industrial \u00a0 Constancia de calidadValor Q 25.00 Banrural Pago como constancia f\u00edsica Banco Industrial Pago como constancia f\u00edsica Banca Virtual Banrural Banco Industrial El agremiado debe enviar la imagen de pago a cpaexpedientes@cpa.org.gt \u00a0 Constancia de colegiado activoValor Q 5.00 Banrural Transacci\u00f3n 384 Banco Industrial Convenio 1330 Banca Virtual Banrural Banco Industrial<\/p>\n","protected":false},"author":1,"featured_media":0,"parent":0,"menu_order":0,"comment_status":"closed","ping_status":"closed","template":"","meta":{"zakra_sidebar_layout":"centered","zakra_remove_content_margin":false,"zakra_sidebar":"customizer","zakra_transparent_header":"customizer","zakra_logo":0,"zakra_main_header_style":"default","zakra_menu_item_color":"","zakra_menu_item_hover_color":"","zakra_menu_item_active_color":"","zakra_menu_active_style":"","zakra_page_header":true,"_cbd_carousel_blocks":"[]","_eb_attr":"","footnotes":""},"class_list":["post-1736","page","type-page","status-publish","hentry"],"_links":{"self":[{"href":"https:\/\/cpa.org.gt\/desarrollo\/wordpress\/wp-json\/wp\/v2\/pages\/1736","targetHints":{"allow":["GET"]}}],"collection":[{"href":"https:\/\/cpa.org.gt\/desarrollo\/wordpress\/wp-json\/wp\/v2\/pages"}],"about":[{"href":"https:\/\/cpa.org.gt\/desarrollo\/wordpress\/wp-json\/wp\/v2\/types\/page"}],"author":[{"embeddable":true,"href":"https:\/\/cpa.org.gt\/desarrollo\/wordpress\/wp-json\/wp\/v2\/users\/1"}],"replies":[{"embeddable":true,"href":"https:\/\/cpa.org.gt\/desarrollo\/wordpress\/wp-json\/wp\/v2\/comments?post=1736"}],"version-history":[{"count":67,"href":"https:\/\/cpa.org.gt\/desarrollo\/wordpress\/wp-json\/wp\/v2\/pages\/1736\/revisions"}],"predecessor-version":[{"id":3487,"href":"https:\/\/cpa.org.gt\/desarrollo\/wordpress\/wp-json\/wp\/v2\/pages\/1736\/revisions\/3487"}],"wp:attachment":[{"href":"https:\/\/cpa.org.gt\/desarrollo\/wordpress\/wp-json\/wp\/v2\/media?parent=1736"}],"curies":[{"name":"wp","href":"https:\/\/api.w.org\/{rel}","templated":true}]}}