{"id":1969,"date":"2022-11-22T14:40:20","date_gmt":"2022-11-22T20:40:20","guid":{"rendered":"https:\/\/cpa.org.gt\/desarrollo\/wordpress\/?page_id=1969"},"modified":"2022-11-28T15:41:40","modified_gmt":"2022-11-28T21:41:40","slug":"obligaciones","status":"publish","type":"page","link":"https:\/\/cpa.org.gt\/desarrollo\/wordpress\/obligaciones\/","title":{"rendered":"Obligaciones"},"content":{"rendered":"\t\t<div data-elementor-type=\"wp-page\" data-elementor-id=\"1969\" class=\"elementor elementor-1969\">\n\t\t\t\t\t\t<section class=\"elementor-section elementor-top-section elementor-element elementor-element-f1b9da4 elementor-section-boxed elementor-section-height-default elementor-section-height-default wpr-particle-no wpr-jarallax-no wpr-parallax-no wpr-sticky-section-no\" data-id=\"f1b9da4\" data-element_type=\"section\">\n\t\t\t\t\t\t<div class=\"elementor-container elementor-column-gap-default\">\n\t\t\t\t\t<div class=\"elementor-column elementor-col-100 elementor-top-column elementor-element elementor-element-2a114f0\" data-id=\"2a114f0\" data-element_type=\"column\">\n\t\t\t<div class=\"elementor-widget-wrap elementor-element-populated\">\n\t\t\t\t\t\t<div class=\"elementor-element elementor-element-94547ce elementor-widget elementor-widget-image\" data-id=\"94547ce\" data-element_type=\"widget\" data-widget_type=\"image.default\">\n\t\t\t\t<div class=\"elementor-widget-container\">\n\t\t\t\t\t\t\t\t\t\t\t\t\t\t\t<img fetchpriority=\"high\" decoding=\"async\" width=\"812\" height=\"171\" src=\"https:\/\/cpa.org.gt\/desarrollo\/wordpress\/wp-content\/uploads\/2022\/11\/Banner-Obligaciones-1024x216.png\" class=\"attachment-large size-large wp-image-1972\" alt=\"\" srcset=\"https:\/\/cpa.org.gt\/desarrollo\/wordpress\/wp-content\/uploads\/2022\/11\/Banner-Obligaciones-1024x216.png 1024w, https:\/\/cpa.org.gt\/desarrollo\/wordpress\/wp-content\/uploads\/2022\/11\/Banner-Obligaciones-300x63.png 300w, https:\/\/cpa.org.gt\/desarrollo\/wordpress\/wp-content\/uploads\/2022\/11\/Banner-Obligaciones-768x162.png 768w, https:\/\/cpa.org.gt\/desarrollo\/wordpress\/wp-content\/uploads\/2022\/11\/Banner-Obligaciones.png 1115w\" sizes=\"(max-width: 812px) 100vw, 812px\" \/>\t\t\t\t\t\t\t\t\t\t\t\t\t\t\t<\/div>\n\t\t\t\t<\/div>\n\t\t\t\t\t<\/div>\n\t\t<\/div>\n\t\t\t\t\t<\/div>\n\t\t<\/section>\n\t\t\t\t<section class=\"elementor-section elementor-top-section elementor-element elementor-element-9bb4ca5 elementor-section-boxed elementor-section-height-default elementor-section-height-default wpr-particle-no wpr-jarallax-no wpr-parallax-no wpr-sticky-section-no\" data-id=\"9bb4ca5\" data-element_type=\"section\">\n\t\t\t\t\t\t<div class=\"elementor-container elementor-column-gap-default\">\n\t\t\t\t\t<div class=\"elementor-column elementor-col-100 elementor-top-column elementor-element elementor-element-439824b\" data-id=\"439824b\" data-element_type=\"column\">\n\t\t\t<div class=\"elementor-widget-wrap elementor-element-populated\">\n\t\t\t\t\t\t<div class=\"elementor-element elementor-element-5f9b626 elementor-widget elementor-widget-text-editor\" data-id=\"5f9b626\" data-element_type=\"widget\" data-widget_type=\"text-editor.default\">\n\t\t\t\t<div class=\"elementor-widget-container\">\n\t\t\t\t\t\t\t\t\t<h2><span style=\"color: #103595;\">Obligaciones<\/span><\/h2>\n<ul>\n<li>Velar por el cumplimiento de la ley de Colegiaci\u00f3n Profesional Obligatoria, as\u00ed como de los estatutos y reglamentos del Colegio.<\/li>\n<li>Ajustar su conducta a las normas de la \u00e9tica profesional, conforme al C\u00f3digo respectivo.<\/li>\n<li>Cumplir con las disposiciones emanadas de la Asamblea General y de la Junta Directiva, siempre que \u00e9stas no contravengan lo dispuesto en la Ley de Colegiaci\u00f3n Profesional Obligatoria y en las dem\u00e1s Leyes de la Rep\u00fablica y en los estatutos del Colegio.<\/li>\n<li>Preservar el prestigio de la profesi\u00f3n.<br>Observar las leyes y exigir su cumplimiento tanto en el ejercicio de la profesi\u00f3n como en el desempe\u00f1o de cargos o empleos p\u00fablicos.<\/li>\n<li>Procurar que las relaciones entre los colegiados se distingan por su lealtad y respeto en el desarrollo de su actividad profesional.<\/li>\n<li>Asistir a las sesiones a las que fuere convocado y efectuar con puntualidad el pago de las cuotas correspondientes.<\/li>\n<li>Representar dignamente al Colegio en las actividades y comisiones que le sean asignadas. <\/li>\n<li>Poner en conocimiento de la Junta Directiva del Colegio, los actos u omisiones de sus miembros que pudieren constituir faltas al C\u00f3digo de \u00e9tica Profesional.<\/li>\n<li>Desempe\u00f1ar con diligencia los cargos y comisiones de trabajo encomendadas por la Junta Directiva.<\/li>\n<li>Las dem\u00e1s que se establezcan en estos estatutos siempre que no sean contrarias a las disposiciones de la Ley de Colegiaci\u00f3n Profesional Obligatoria.<\/li>\n<\/ul>\t\t\t\t\t\t\t\t<\/div>\n\t\t\t\t<\/div>\n\t\t\t\t\t<\/div>\n\t\t<\/div>\n\t\t\t\t\t<\/div>\n\t\t<\/section>\n\t\t\t\t<\/div>\n\t\t","protected":false},"excerpt":{"rendered":"<p>Obligaciones Velar por el cumplimiento de la ley de Colegiaci\u00f3n Profesional Obligatoria, as\u00ed como de los estatutos y reglamentos del Colegio. Ajustar su conducta a las normas de la \u00e9tica profesional, conforme al C\u00f3digo respectivo. Cumplir con las disposiciones emanadas de la Asamblea General y de la Junta Directiva, siempre que \u00e9stas no contravengan lo dispuesto en la Ley de Colegiaci\u00f3n Profesional Obligatoria y en las dem\u00e1s Leyes de la Rep\u00fablica y en los estatutos del Colegio. Preservar el prestigio de la profesi\u00f3n.Observar las leyes y exigir su cumplimiento tanto en el ejercicio de la profesi\u00f3n como en el desempe\u00f1o de cargos o empleos p\u00fablicos. Procurar que las relaciones entre los colegiados se distingan por su lealtad y respeto en el desarrollo de su actividad profesional. Asistir a las sesiones a las que fuere convocado y efectuar con puntualidad el pago de las cuotas correspondientes. Representar dignamente al Colegio en las actividades y comisiones que le sean asignadas. Poner en conocimiento de la Junta Directiva del Colegio, los actos u omisiones de sus miembros que pudieren constituir faltas al C\u00f3digo de \u00e9tica Profesional. Desempe\u00f1ar con diligencia los cargos y comisiones de trabajo encomendadas por la Junta Directiva. Las dem\u00e1s que se establezcan en estos estatutos siempre que no sean contrarias a las disposiciones de la Ley de Colegiaci\u00f3n Profesional Obligatoria.<\/p>\n","protected":false},"author":1,"featured_media":0,"parent":0,"menu_order":0,"comment_status":"closed","ping_status":"closed","template":"","meta":{"zakra_sidebar_layout":"centered","zakra_remove_content_margin":true,"zakra_sidebar":"customizer","zakra_transparent_header":"customizer","zakra_logo":0,"zakra_main_header_style":"default","zakra_menu_item_color":"","zakra_menu_item_hover_color":"","zakra_menu_item_active_color":"","zakra_menu_active_style":"","zakra_page_header":false,"_cbd_carousel_blocks":"[]","_eb_attr":"","footnotes":""},"class_list":["post-1969","page","type-page","status-publish","hentry"],"_links":{"self":[{"href":"https:\/\/cpa.org.gt\/desarrollo\/wordpress\/wp-json\/wp\/v2\/pages\/1969","targetHints":{"allow":["GET"]}}],"collection":[{"href":"https:\/\/cpa.org.gt\/desarrollo\/wordpress\/wp-json\/wp\/v2\/pages"}],"about":[{"href":"https:\/\/cpa.org.gt\/desarrollo\/wordpress\/wp-json\/wp\/v2\/types\/page"}],"author":[{"embeddable":true,"href":"https:\/\/cpa.org.gt\/desarrollo\/wordpress\/wp-json\/wp\/v2\/users\/1"}],"replies":[{"embeddable":true,"href":"https:\/\/cpa.org.gt\/desarrollo\/wordpress\/wp-json\/wp\/v2\/comments?post=1969"}],"version-history":[{"count":7,"href":"https:\/\/cpa.org.gt\/desarrollo\/wordpress\/wp-json\/wp\/v2\/pages\/1969\/revisions"}],"predecessor-version":[{"id":2097,"href":"https:\/\/cpa.org.gt\/desarrollo\/wordpress\/wp-json\/wp\/v2\/pages\/1969\/revisions\/2097"}],"wp:attachment":[{"href":"https:\/\/cpa.org.gt\/desarrollo\/wordpress\/wp-json\/wp\/v2\/media?parent=1969"}],"curies":[{"name":"wp","href":"https:\/\/api.w.org\/{rel}","templated":true}]}}