{"id":2047,"date":"2022-11-22T15:24:43","date_gmt":"2022-11-22T21:24:43","guid":{"rendered":"https:\/\/cpa.org.gt\/desarrollo\/wordpress\/?page_id=2047"},"modified":"2023-04-10T09:39:15","modified_gmt":"2023-04-10T15:39:15","slug":"tribunal-de-honor","status":"publish","type":"page","link":"https:\/\/cpa.org.gt\/desarrollo\/wordpress\/tribunal-de-honor\/","title":{"rendered":"Tribunal de Honor"},"content":{"rendered":"\t\t<div data-elementor-type=\"wp-page\" data-elementor-id=\"2047\" class=\"elementor elementor-2047\">\n\t\t\t\t\t\t<section class=\"elementor-section elementor-top-section elementor-element elementor-element-260dccd elementor-section-boxed elementor-section-height-default elementor-section-height-default wpr-particle-no wpr-jarallax-no wpr-parallax-no wpr-sticky-section-no\" data-id=\"260dccd\" data-element_type=\"section\">\n\t\t\t\t\t\t<div class=\"elementor-container elementor-column-gap-default\">\n\t\t\t\t\t<div class=\"elementor-column elementor-col-100 elementor-top-column elementor-element elementor-element-b66f420\" data-id=\"b66f420\" data-element_type=\"column\">\n\t\t\t<div class=\"elementor-widget-wrap elementor-element-populated\">\n\t\t\t\t\t\t<div class=\"elementor-element elementor-element-e78fe0c elementor-widget elementor-widget-image\" data-id=\"e78fe0c\" data-element_type=\"widget\" data-widget_type=\"image.default\">\n\t\t\t\t<div class=\"elementor-widget-container\">\n\t\t\t\t\t\t\t\t\t\t\t\t\t\t\t<img fetchpriority=\"high\" decoding=\"async\" width=\"812\" height=\"171\" src=\"https:\/\/cpa.org.gt\/desarrollo\/wordpress\/wp-content\/uploads\/2022\/01\/Banner-Colegio-A-1024x216.png\" class=\"attachment-large size-large wp-image-1014\" alt=\"\" srcset=\"https:\/\/cpa.org.gt\/desarrollo\/wordpress\/wp-content\/uploads\/2022\/01\/Banner-Colegio-A-1024x216.png 1024w, https:\/\/cpa.org.gt\/desarrollo\/wordpress\/wp-content\/uploads\/2022\/01\/Banner-Colegio-A-300x63.png 300w, https:\/\/cpa.org.gt\/desarrollo\/wordpress\/wp-content\/uploads\/2022\/01\/Banner-Colegio-A-768x162.png 768w, https:\/\/cpa.org.gt\/desarrollo\/wordpress\/wp-content\/uploads\/2022\/01\/Banner-Colegio-A.png 1115w\" sizes=\"(max-width: 812px) 100vw, 812px\" \/>\t\t\t\t\t\t\t\t\t\t\t\t\t\t\t<\/div>\n\t\t\t\t<\/div>\n\t\t\t\t\t<\/div>\n\t\t<\/div>\n\t\t\t\t\t<\/div>\n\t\t<\/section>\n\t\t\t\t<section class=\"elementor-section elementor-top-section elementor-element elementor-element-284aaf7 elementor-section-boxed elementor-section-height-default elementor-section-height-default wpr-particle-no wpr-jarallax-no wpr-parallax-no wpr-sticky-section-no\" data-id=\"284aaf7\" data-element_type=\"section\">\n\t\t\t\t\t\t<div class=\"elementor-container elementor-column-gap-default\">\n\t\t\t\t\t<div class=\"elementor-column elementor-col-100 elementor-top-column elementor-element elementor-element-46a92b8\" data-id=\"46a92b8\" data-element_type=\"column\">\n\t\t\t<div class=\"elementor-widget-wrap elementor-element-populated\">\n\t\t\t\t\t\t<div class=\"elementor-element elementor-element-45bf209 elementor-widget elementor-widget-image\" data-id=\"45bf209\" data-element_type=\"widget\" data-widget_type=\"image.default\">\n\t\t\t\t<div class=\"elementor-widget-container\">\n\t\t\t\t\t\t\t\t\t\t\t\t\t\t\t<img decoding=\"async\" width=\"600\" height=\"452\" src=\"https:\/\/cpa.org.gt\/desarrollo\/wordpress\/wp-content\/uploads\/2023\/04\/TE-2021-2024-.png\" class=\"attachment-large size-large wp-image-2741\" alt=\"\" srcset=\"https:\/\/cpa.org.gt\/desarrollo\/wordpress\/wp-content\/uploads\/2023\/04\/TE-2021-2024-.png 600w, https:\/\/cpa.org.gt\/desarrollo\/wordpress\/wp-content\/uploads\/2023\/04\/TE-2021-2024--300x226.png 300w\" sizes=\"(max-width: 600px) 100vw, 600px\" \/>\t\t\t\t\t\t\t\t\t\t\t\t\t\t\t<\/div>\n\t\t\t\t<\/div>\n\t\t\t\t\t<\/div>\n\t\t<\/div>\n\t\t\t\t\t<\/div>\n\t\t<\/section>\n\t\t\t\t<section class=\"elementor-section elementor-top-section elementor-element elementor-element-f9d6f90 elementor-section-boxed elementor-section-height-default elementor-section-height-default wpr-particle-no wpr-jarallax-no wpr-parallax-no wpr-sticky-section-no\" data-id=\"f9d6f90\" data-element_type=\"section\">\n\t\t\t\t\t\t<div class=\"elementor-container elementor-column-gap-default\">\n\t\t\t\t\t<div class=\"elementor-column elementor-col-50 elementor-top-column elementor-element elementor-element-53368c8\" data-id=\"53368c8\" data-element_type=\"column\">\n\t\t\t<div class=\"elementor-widget-wrap elementor-element-populated\">\n\t\t\t\t\t\t<div class=\"elementor-element elementor-element-f6dbf6b elementor-widget elementor-widget-text-editor\" data-id=\"f6dbf6b\" data-element_type=\"widget\" data-widget_type=\"text-editor.default\">\n\t\t\t\t<div class=\"elementor-widget-container\">\n\t\t\t\t\t\t\t\t\t<p style=\"text-align: center;\"><strong>CPA Lic. Oscar Eduardo Sol\u00f3rzano Castillo<\/strong><br \/>PRESIDENTE<\/p><p style=\"text-align: center;\"><strong>CPA Lic. Rony Carmelo de la Cruz Hern\u00e1ndez <\/strong><br \/>VICEPRESIDENTE<\/p><p style=\"text-align: center;\"><strong>CPA Lic. Luis Alberto N\u00e1jera Socorec<\/strong><br \/>SECRETARIO<\/p><p style=\"text-align: center;\"><strong>CPA Licda. Flor Ashley Solorzano Hernandez de Garc\u00eda<\/strong><br \/>VOCAL I<\/p><p style=\"text-align: center;\"><strong>CPA Licda. Lourdes Rossana Salvador P\u00e9rez<\/strong><br \/>VOCAL II<\/p>\t\t\t\t\t\t\t\t<\/div>\n\t\t\t\t<\/div>\n\t\t\t\t\t<\/div>\n\t\t<\/div>\n\t\t\t\t<div class=\"elementor-column elementor-col-50 elementor-top-column elementor-element elementor-element-7bd8afb\" data-id=\"7bd8afb\" data-element_type=\"column\">\n\t\t\t<div class=\"elementor-widget-wrap elementor-element-populated\">\n\t\t\t\t\t\t<div class=\"elementor-element elementor-element-5ce97da elementor-widget elementor-widget-text-editor\" data-id=\"5ce97da\" data-element_type=\"widget\" data-widget_type=\"text-editor.default\">\n\t\t\t\t<div class=\"elementor-widget-container\">\n\t\t\t\t\t\t\t\t\t<p style=\"text-align: center;\"><strong>CPA Licda. Noracilda Guadalupe Avila V\u00e1squez<\/strong><br>VOCAL III<\/p>\n<p style=\"text-align: center;\"><strong>CPA Lic. Edwin Donaldo Dionicio Revolorio<\/strong><br>VOCAL IV<\/p>\n<p style=\"text-align: center;\"><strong>CPA Lic. Willian Ren\u00e9 V\u00e1squez Xiloj<\/strong><br>VOCAL SUPLENTE &#8211; I<\/p>\n<p style=\"text-align: center;\"><strong>CPA Licda. Flor de Mar\u00eda Avalos Flores<\/strong><br>VOCAL SUPLENTE &#8211; II<\/p>\t\t\t\t\t\t\t\t<\/div>\n\t\t\t\t<\/div>\n\t\t\t\t\t<\/div>\n\t\t<\/div>\n\t\t\t\t\t<\/div>\n\t\t<\/section>\n\t\t\t\t<\/div>\n\t\t","protected":false},"excerpt":{"rendered":"<p>CPA Lic. Oscar Eduardo Sol\u00f3rzano CastilloPRESIDENTE CPA Lic. Rony Carmelo de la Cruz Hern\u00e1ndez VICEPRESIDENTE CPA Lic. Luis Alberto N\u00e1jera SocorecSECRETARIO CPA Licda. Flor Ashley Solorzano Hernandez de Garc\u00edaVOCAL I CPA Licda. Lourdes Rossana Salvador P\u00e9rezVOCAL II CPA Licda. Noracilda Guadalupe Avila V\u00e1squezVOCAL III CPA Lic. Edwin Donaldo Dionicio RevolorioVOCAL IV CPA Lic. Willian Ren\u00e9 V\u00e1squez XilojVOCAL SUPLENTE &#8211; I CPA Licda. Flor de Mar\u00eda Avalos FloresVOCAL SUPLENTE &#8211; II<\/p>\n","protected":false},"author":1,"featured_media":0,"parent":0,"menu_order":0,"comment_status":"closed","ping_status":"closed","template":"","meta":{"zakra_sidebar_layout":"centered","zakra_remove_content_margin":true,"zakra_sidebar":"customizer","zakra_transparent_header":"customizer","zakra_logo":0,"zakra_main_header_style":"default","zakra_menu_item_color":"","zakra_menu_item_hover_color":"","zakra_menu_item_active_color":"","zakra_menu_active_style":"","zakra_page_header":false,"_cbd_carousel_blocks":"[]","_eb_attr":"","footnotes":""},"class_list":["post-2047","page","type-page","status-publish","hentry"],"_links":{"self":[{"href":"https:\/\/cpa.org.gt\/desarrollo\/wordpress\/wp-json\/wp\/v2\/pages\/2047","targetHints":{"allow":["GET"]}}],"collection":[{"href":"https:\/\/cpa.org.gt\/desarrollo\/wordpress\/wp-json\/wp\/v2\/pages"}],"about":[{"href":"https:\/\/cpa.org.gt\/desarrollo\/wordpress\/wp-json\/wp\/v2\/types\/page"}],"author":[{"embeddable":true,"href":"https:\/\/cpa.org.gt\/desarrollo\/wordpress\/wp-json\/wp\/v2\/users\/1"}],"replies":[{"embeddable":true,"href":"https:\/\/cpa.org.gt\/desarrollo\/wordpress\/wp-json\/wp\/v2\/comments?post=2047"}],"version-history":[{"count":19,"href":"https:\/\/cpa.org.gt\/desarrollo\/wordpress\/wp-json\/wp\/v2\/pages\/2047\/revisions"}],"predecessor-version":[{"id":2744,"href":"https:\/\/cpa.org.gt\/desarrollo\/wordpress\/wp-json\/wp\/v2\/pages\/2047\/revisions\/2744"}],"wp:attachment":[{"href":"https:\/\/cpa.org.gt\/desarrollo\/wordpress\/wp-json\/wp\/v2\/media?parent=2047"}],"curies":[{"name":"wp","href":"https:\/\/api.w.org\/{rel}","templated":true}]}}