{"id":2075,"date":"2022-11-24T08:41:16","date_gmt":"2022-11-24T14:41:16","guid":{"rendered":"https:\/\/cpa.org.gt\/desarrollo\/wordpress\/?page_id=2075"},"modified":"2022-11-24T08:44:16","modified_gmt":"2022-11-24T14:44:16","slug":"mision-y-vision","status":"publish","type":"page","link":"https:\/\/cpa.org.gt\/desarrollo\/wordpress\/mision-y-vision\/","title":{"rendered":"Misi\u00f3n y Visi\u00f3n"},"content":{"rendered":"\t\t<div data-elementor-type=\"wp-page\" data-elementor-id=\"2075\" class=\"elementor elementor-2075\">\n\t\t\t\t\t\t<section class=\"elementor-section elementor-top-section elementor-element elementor-element-c017674 elementor-section-boxed elementor-section-height-default elementor-section-height-default wpr-particle-no wpr-jarallax-no wpr-parallax-no wpr-sticky-section-no\" data-id=\"c017674\" data-element_type=\"section\">\n\t\t\t\t\t\t<div class=\"elementor-container elementor-column-gap-default\">\n\t\t\t\t\t<div class=\"elementor-column elementor-col-100 elementor-top-column elementor-element elementor-element-0b6b3f8\" data-id=\"0b6b3f8\" data-element_type=\"column\">\n\t\t\t<div class=\"elementor-widget-wrap elementor-element-populated\">\n\t\t\t\t\t\t<div class=\"elementor-element elementor-element-608991c elementor-widget elementor-widget-image\" data-id=\"608991c\" data-element_type=\"widget\" data-widget_type=\"image.default\">\n\t\t\t\t<div class=\"elementor-widget-container\">\n\t\t\t\t\t\t\t\t\t\t\t\t\t\t\t<img fetchpriority=\"high\" decoding=\"async\" width=\"812\" height=\"171\" src=\"https:\/\/cpa.org.gt\/desarrollo\/wordpress\/wp-content\/uploads\/2022\/01\/Banner-Colegio-A-1024x216.png\" class=\"attachment-large size-large wp-image-1014\" alt=\"\" srcset=\"https:\/\/cpa.org.gt\/desarrollo\/wordpress\/wp-content\/uploads\/2022\/01\/Banner-Colegio-A-1024x216.png 1024w, https:\/\/cpa.org.gt\/desarrollo\/wordpress\/wp-content\/uploads\/2022\/01\/Banner-Colegio-A-300x63.png 300w, https:\/\/cpa.org.gt\/desarrollo\/wordpress\/wp-content\/uploads\/2022\/01\/Banner-Colegio-A-768x162.png 768w, https:\/\/cpa.org.gt\/desarrollo\/wordpress\/wp-content\/uploads\/2022\/01\/Banner-Colegio-A.png 1115w\" sizes=\"(max-width: 812px) 100vw, 812px\" \/>\t\t\t\t\t\t\t\t\t\t\t\t\t\t\t<\/div>\n\t\t\t\t<\/div>\n\t\t\t\t\t<\/div>\n\t\t<\/div>\n\t\t\t\t\t<\/div>\n\t\t<\/section>\n\t\t\t\t<section class=\"elementor-section elementor-top-section elementor-element elementor-element-a818ac3 elementor-section-boxed elementor-section-height-default elementor-section-height-default wpr-particle-no wpr-jarallax-no wpr-parallax-no wpr-sticky-section-no\" data-id=\"a818ac3\" data-element_type=\"section\">\n\t\t\t\t\t\t<div class=\"elementor-container elementor-column-gap-default\">\n\t\t\t\t\t<div class=\"elementor-column elementor-col-100 elementor-top-column elementor-element elementor-element-3a946ed\" data-id=\"3a946ed\" data-element_type=\"column\">\n\t\t\t<div class=\"elementor-widget-wrap elementor-element-populated\">\n\t\t\t\t\t\t<div class=\"elementor-element elementor-element-e566d40 elementor-widget elementor-widget-text-editor\" data-id=\"e566d40\" data-element_type=\"widget\" data-widget_type=\"text-editor.default\">\n\t\t\t\t<div class=\"elementor-widget-container\">\n\t\t\t\t\t\t\t\t\t<section class=\"elementor-section elementor-top-section elementor-element elementor-element-7da9ab8 elementor-section-boxed elementor-section-height-default elementor-section-height-default\" data-id=\"7da9ab8\" data-element_type=\"section\"><div class=\"elementor-container elementor-column-gap-default\"><div class=\"elementor-column elementor-col-100 elementor-top-column elementor-element elementor-element-d0ee654\" data-id=\"d0ee654\" data-element_type=\"column\"><div class=\"elementor-widget-wrap elementor-element-populated\"><div class=\"elementor-element elementor-element-3b92a87 elementor-widget elementor-widget-heading\" data-id=\"3b92a87\" data-element_type=\"widget\" data-widget_type=\"heading.default\"><div class=\"elementor-widget-container\"><h2 class=\"elementor-heading-title elementor-size-default\"><span style=\"color: #103595;\">Visi\u00f3n<\/span><\/h2><\/div><\/div><\/div><\/div><\/div><\/section><section class=\"elementor-section elementor-top-section elementor-element elementor-element-6134f6d elementor-section-boxed elementor-section-height-default elementor-section-height-default\" data-id=\"6134f6d\" data-element_type=\"section\"><div class=\"elementor-container elementor-column-gap-default\"><div class=\"elementor-column elementor-col-100 elementor-top-column elementor-element elementor-element-0abe720\" data-id=\"0abe720\" data-element_type=\"column\"><div class=\"elementor-widget-wrap elementor-element-populated\"><div class=\"elementor-element elementor-element-0179044 elementor-widget elementor-widget-text-editor\" data-id=\"0179044\" data-element_type=\"widget\" data-widget_type=\"text-editor.default\"><div class=\"elementor-widget-container\"><p>Ser la entidad de desarrollo y defensa de la contadur\u00eda p\u00fablica y auditor\u00eda en Guatemala, para lograr el liderazgo de la profesi\u00f3n.<\/p><\/div><\/div><\/div><\/div><\/div><\/section><section class=\"elementor-section elementor-top-section elementor-element elementor-element-eaeae4e elementor-section-boxed elementor-section-height-default elementor-section-height-default\" data-id=\"eaeae4e\" data-element_type=\"section\"><div class=\"elementor-container elementor-column-gap-default\"><div class=\"elementor-column elementor-col-100 elementor-top-column elementor-element elementor-element-d91d701\" data-id=\"d91d701\" data-element_type=\"column\"><div class=\"elementor-widget-wrap elementor-element-populated\"><div class=\"elementor-element elementor-element-4ed710f elementor-widget elementor-widget-heading\" data-id=\"4ed710f\" data-element_type=\"widget\" data-widget_type=\"heading.default\"><div class=\"elementor-widget-container\"><h2 class=\"elementor-heading-title elementor-size-default\"><span style=\"color: #103595;\">Misi\u00f3n<\/span><\/h2><\/div><\/div><\/div><\/div><\/div><\/section><section class=\"elementor-section elementor-top-section elementor-element elementor-element-ad7dd33 elementor-section-boxed elementor-section-height-default elementor-section-height-default\" data-id=\"ad7dd33\" data-element_type=\"section\"><div class=\"elementor-container elementor-column-gap-default\"><div class=\"elementor-column elementor-col-100 elementor-top-column elementor-element elementor-element-f80f523\" data-id=\"f80f523\" data-element_type=\"column\"><div class=\"elementor-widget-wrap elementor-element-populated\"><div class=\"elementor-element elementor-element-509d580 elementor-widget elementor-widget-text-editor\" data-id=\"509d580\" data-element_type=\"widget\" data-widget_type=\"text-editor.default\"><div class=\"elementor-widget-container\"><p>Somos una entidad de Contadores P\u00fablicos y Auditores de Guatemala que regula, controla y promueve el desarrollo cient\u00edfico de la profesi\u00f3n, vela por el bienestar de sus agremiados, propone soluciones a los problemas nacionales de su competencia y defiende los intereses de sus colegiados.<\/p><\/div><\/div><\/div><\/div><\/div><\/section>\t\t\t\t\t\t\t\t<\/div>\n\t\t\t\t<\/div>\n\t\t\t\t\t<\/div>\n\t\t<\/div>\n\t\t\t\t\t<\/div>\n\t\t<\/section>\n\t\t\t\t<\/div>\n\t\t","protected":false},"excerpt":{"rendered":"<p>Visi\u00f3n Ser la entidad de desarrollo y defensa de la contadur\u00eda p\u00fablica y auditor\u00eda en Guatemala, para lograr el liderazgo de la profesi\u00f3n. Misi\u00f3n Somos una entidad de Contadores P\u00fablicos y Auditores de Guatemala que regula, controla y promueve el desarrollo cient\u00edfico de la profesi\u00f3n, vela por el bienestar de sus agremiados, propone soluciones a los problemas nacionales de su competencia y defiende los intereses de sus colegiados.<\/p>\n","protected":false},"author":1,"featured_media":0,"parent":0,"menu_order":0,"comment_status":"closed","ping_status":"closed","template":"","meta":{"zakra_sidebar_layout":"centered","zakra_remove_content_margin":true,"zakra_sidebar":"customizer","zakra_transparent_header":"customizer","zakra_logo":0,"zakra_main_header_style":"default","zakra_menu_item_color":"","zakra_menu_item_hover_color":"","zakra_menu_item_active_color":"","zakra_menu_active_style":"","zakra_page_header":false,"_cbd_carousel_blocks":"[]","_eb_attr":"","footnotes":""},"class_list":["post-2075","page","type-page","status-publish","hentry"],"_links":{"self":[{"href":"https:\/\/cpa.org.gt\/desarrollo\/wordpress\/wp-json\/wp\/v2\/pages\/2075","targetHints":{"allow":["GET"]}}],"collection":[{"href":"https:\/\/cpa.org.gt\/desarrollo\/wordpress\/wp-json\/wp\/v2\/pages"}],"about":[{"href":"https:\/\/cpa.org.gt\/desarrollo\/wordpress\/wp-json\/wp\/v2\/types\/page"}],"author":[{"embeddable":true,"href":"https:\/\/cpa.org.gt\/desarrollo\/wordpress\/wp-json\/wp\/v2\/users\/1"}],"replies":[{"embeddable":true,"href":"https:\/\/cpa.org.gt\/desarrollo\/wordpress\/wp-json\/wp\/v2\/comments?post=2075"}],"version-history":[{"count":4,"href":"https:\/\/cpa.org.gt\/desarrollo\/wordpress\/wp-json\/wp\/v2\/pages\/2075\/revisions"}],"predecessor-version":[{"id":2079,"href":"https:\/\/cpa.org.gt\/desarrollo\/wordpress\/wp-json\/wp\/v2\/pages\/2075\/revisions\/2079"}],"wp:attachment":[{"href":"https:\/\/cpa.org.gt\/desarrollo\/wordpress\/wp-json\/wp\/v2\/media?parent=2075"}],"curies":[{"name":"wp","href":"https:\/\/api.w.org\/{rel}","templated":true}]}}