{"id":4580,"date":"2024-07-26T14:24:51","date_gmt":"2024-07-26T20:24:51","guid":{"rendered":"https:\/\/cpa.org.gt\/desarrollo\/wordpress\/?page_id=4580"},"modified":"2024-07-26T16:13:05","modified_gmt":"2024-07-26T22:13:05","slug":"tribunal-electoral-2024-2027","status":"publish","type":"page","link":"https:\/\/cpa.org.gt\/desarrollo\/wordpress\/tribunal-electoral-2024-2027\/","title":{"rendered":"Tribunal Electoral 2024-2027"},"content":{"rendered":"\t\t<div data-elementor-type=\"wp-page\" data-elementor-id=\"4580\" class=\"elementor elementor-4580\">\n\t\t\t\t\t\t<section class=\"elementor-section elementor-top-section elementor-element elementor-element-f072c13 elementor-section-boxed elementor-section-height-default elementor-section-height-default wpr-particle-no wpr-jarallax-no wpr-parallax-no wpr-sticky-section-no\" data-id=\"f072c13\" data-element_type=\"section\">\n\t\t\t\t\t\t<div class=\"elementor-container elementor-column-gap-default\">\n\t\t\t\t\t<div class=\"elementor-column elementor-col-100 elementor-top-column elementor-element elementor-element-71d04bb\" data-id=\"71d04bb\" data-element_type=\"column\">\n\t\t\t<div class=\"elementor-widget-wrap elementor-element-populated\">\n\t\t\t\t\t\t<div class=\"elementor-element elementor-element-0256d54 elementor-widget elementor-widget-image\" data-id=\"0256d54\" data-element_type=\"widget\" data-widget_type=\"image.default\">\n\t\t\t\t<div class=\"elementor-widget-container\">\n\t\t\t\t\t\t\t\t\t\t\t\t\t\t\t<img fetchpriority=\"high\" decoding=\"async\" width=\"812\" height=\"171\" src=\"https:\/\/cpa.org.gt\/desarrollo\/wordpress\/wp-content\/uploads\/2022\/01\/Banner-Colegio-A-1024x216.png\" class=\"attachment-large size-large wp-image-1014\" alt=\"\" srcset=\"https:\/\/cpa.org.gt\/desarrollo\/wordpress\/wp-content\/uploads\/2022\/01\/Banner-Colegio-A-1024x216.png 1024w, https:\/\/cpa.org.gt\/desarrollo\/wordpress\/wp-content\/uploads\/2022\/01\/Banner-Colegio-A-300x63.png 300w, https:\/\/cpa.org.gt\/desarrollo\/wordpress\/wp-content\/uploads\/2022\/01\/Banner-Colegio-A-768x162.png 768w, https:\/\/cpa.org.gt\/desarrollo\/wordpress\/wp-content\/uploads\/2022\/01\/Banner-Colegio-A.png 1115w\" sizes=\"(max-width: 812px) 100vw, 812px\" \/>\t\t\t\t\t\t\t\t\t\t\t\t\t\t\t<\/div>\n\t\t\t\t<\/div>\n\t\t\t\t\t<\/div>\n\t\t<\/div>\n\t\t\t\t\t<\/div>\n\t\t<\/section>\n\t\t\t\t<section class=\"elementor-section elementor-top-section elementor-element elementor-element-f259482 elementor-section-boxed elementor-section-height-default elementor-section-height-default wpr-particle-no wpr-jarallax-no wpr-parallax-no wpr-sticky-section-no\" data-id=\"f259482\" data-element_type=\"section\">\n\t\t\t\t\t\t<div class=\"elementor-container elementor-column-gap-default\">\n\t\t\t\t\t<div class=\"elementor-column elementor-col-100 elementor-top-column elementor-element elementor-element-aec0edf\" data-id=\"aec0edf\" data-element_type=\"column\">\n\t\t\t<div class=\"elementor-widget-wrap elementor-element-populated\">\n\t\t\t\t\t\t<div class=\"elementor-element elementor-element-1b9f2fc elementor-widget elementor-widget-image\" data-id=\"1b9f2fc\" data-element_type=\"widget\" data-widget_type=\"image.default\">\n\t\t\t\t<div class=\"elementor-widget-container\">\n\t\t\t\t\t\t\t\t\t\t\t\t\t\t\t<img decoding=\"async\" width=\"750\" height=\"565\" src=\"https:\/\/cpa.org.gt\/desarrollo\/wordpress\/wp-content\/uploads\/2024\/07\/Tribunal-Electoral-2024-2027.png\" class=\"attachment-large size-large wp-image-4582\" alt=\"\" srcset=\"https:\/\/cpa.org.gt\/desarrollo\/wordpress\/wp-content\/uploads\/2024\/07\/Tribunal-Electoral-2024-2027.png 750w, https:\/\/cpa.org.gt\/desarrollo\/wordpress\/wp-content\/uploads\/2024\/07\/Tribunal-Electoral-2024-2027-300x226.png 300w\" sizes=\"(max-width: 750px) 100vw, 750px\" \/>\t\t\t\t\t\t\t\t\t\t\t\t\t\t\t<\/div>\n\t\t\t\t<\/div>\n\t\t\t\t\t<\/div>\n\t\t<\/div>\n\t\t\t\t\t<\/div>\n\t\t<\/section>\n\t\t\t\t<section class=\"elementor-section elementor-top-section elementor-element elementor-element-850f428 elementor-section-boxed elementor-section-height-default elementor-section-height-default wpr-particle-no wpr-jarallax-no wpr-parallax-no wpr-sticky-section-no\" data-id=\"850f428\" data-element_type=\"section\">\n\t\t\t\t\t\t<div class=\"elementor-container elementor-column-gap-default\">\n\t\t\t\t\t<div class=\"elementor-column elementor-col-50 elementor-top-column elementor-element elementor-element-172fa67\" data-id=\"172fa67\" data-element_type=\"column\">\n\t\t\t<div class=\"elementor-widget-wrap elementor-element-populated\">\n\t\t\t\t\t\t<div class=\"elementor-element elementor-element-448323a elementor-widget elementor-widget-text-editor\" data-id=\"448323a\" data-element_type=\"widget\" data-widget_type=\"text-editor.default\">\n\t\t\t\t<div class=\"elementor-widget-container\">\n\t\t\t\t\t\t\t\t\t<p style=\"text-align: center;\"><strong>CPA M.Sc. Lic. <span id=\"TabPag_rdGenerales_HTC_lblTitAsociado_0\" class=\"dxeBase\">Gustavo Edilser S\u00e1nchez Mart\u00ednez<\/span><\/strong><br \/>PRESIDENTE<\/p><p style=\"text-align: center;\"><strong>CPA M.Sc. Lic. <span id=\"TabPag_rdGenerales_HTC_lblTitAsociado_0\" class=\"dxeBase\">Wilmar Orlando M\u00e1s L\u00f3pez<\/span><\/strong><br \/>SECRETARIO<\/p><p style=\"text-align: center;\"><strong>CPA M.Sc. Licda. <span id=\"TabPag_rdGenerales_HTC_lblTitAsociado_0\" class=\"dxeBase\">Rossella Maril\u00fa Escobar Flores<\/span><\/strong><br \/>VOCAL I<\/p><p style=\"text-align: center;\"><strong>CPA M.Sc. Licda. <span id=\"TabPag_rdGenerales_HTC_lblTitAsociado_0\" class=\"dxeBase\">Jessica Mar\u00eda Molina Orellana<\/span><\/strong><br \/>VOCAL II<\/p>\t\t\t\t\t\t\t\t<\/div>\n\t\t\t\t<\/div>\n\t\t\t\t\t<\/div>\n\t\t<\/div>\n\t\t\t\t<div class=\"elementor-column elementor-col-50 elementor-top-column elementor-element elementor-element-e1c0596\" data-id=\"e1c0596\" data-element_type=\"column\">\n\t\t\t<div class=\"elementor-widget-wrap elementor-element-populated\">\n\t\t\t\t\t\t<div class=\"elementor-element elementor-element-8a3f8c5 elementor-widget elementor-widget-text-editor\" data-id=\"8a3f8c5\" data-element_type=\"widget\" data-widget_type=\"text-editor.default\">\n\t\t\t\t<div class=\"elementor-widget-container\">\n\t\t\t\t\t\t\t\t\t<p style=\"text-align: center;\"><strong>CPA Licda. <span id=\"TabPag_rdGenerales_HTC_lblTitAsociado_0\" class=\"dxeBase\">Hilda Amarilies Lima Aquino<\/span><\/strong><br \/>VOCAL III<\/p><p style=\"text-align: center;\"><strong>CPA M.A. Licda. <span id=\"TabPag_rdGenerales_HTC_lblTitAsociado_0\" class=\"dxeBase\">Jessica Manuela Alvarez Flores<\/span><\/strong><br \/>VOCAL SUPLENTE I<\/p><p style=\"text-align: center;\"><strong>CPA Licda. <span id=\"TabPag_rdGenerales_HTC_lblTitAsociado_0\" class=\"dxeBase\">Ofelia Liseth Fuentes D\u00edaz <\/span><\/strong><br \/>VOCAL SUPLENTE II<\/p>\t\t\t\t\t\t\t\t<\/div>\n\t\t\t\t<\/div>\n\t\t\t\t\t<\/div>\n\t\t<\/div>\n\t\t\t\t\t<\/div>\n\t\t<\/section>\n\t\t\t\t<\/div>\n\t\t","protected":false},"excerpt":{"rendered":"<p>CPA M.Sc. Lic. Gustavo Edilser S\u00e1nchez Mart\u00ednezPRESIDENTE CPA M.Sc. Lic. Wilmar Orlando M\u00e1s L\u00f3pezSECRETARIO CPA M.Sc. Licda. Rossella Maril\u00fa Escobar FloresVOCAL I CPA M.Sc. Licda. Jessica Mar\u00eda Molina OrellanaVOCAL II CPA Licda. Hilda Amarilies Lima AquinoVOCAL III CPA M.A. Licda. Jessica Manuela Alvarez FloresVOCAL SUPLENTE I CPA Licda. Ofelia Liseth Fuentes D\u00edaz VOCAL SUPLENTE II<\/p>\n","protected":false},"author":1,"featured_media":0,"parent":0,"menu_order":0,"comment_status":"closed","ping_status":"closed","template":"","meta":{"zakra_sidebar_layout":"centered","zakra_remove_content_margin":true,"zakra_sidebar":"customizer","zakra_transparent_header":"customizer","zakra_logo":0,"zakra_main_header_style":"default","zakra_menu_item_color":"","zakra_menu_item_hover_color":"","zakra_menu_item_active_color":"","zakra_menu_active_style":"","zakra_page_header":false,"_cbd_carousel_blocks":"[]","_eb_attr":"","footnotes":""},"class_list":["post-4580","page","type-page","status-publish","hentry"],"_links":{"self":[{"href":"https:\/\/cpa.org.gt\/desarrollo\/wordpress\/wp-json\/wp\/v2\/pages\/4580","targetHints":{"allow":["GET"]}}],"collection":[{"href":"https:\/\/cpa.org.gt\/desarrollo\/wordpress\/wp-json\/wp\/v2\/pages"}],"about":[{"href":"https:\/\/cpa.org.gt\/desarrollo\/wordpress\/wp-json\/wp\/v2\/types\/page"}],"author":[{"embeddable":true,"href":"https:\/\/cpa.org.gt\/desarrollo\/wordpress\/wp-json\/wp\/v2\/users\/1"}],"replies":[{"embeddable":true,"href":"https:\/\/cpa.org.gt\/desarrollo\/wordpress\/wp-json\/wp\/v2\/comments?post=4580"}],"version-history":[{"count":16,"href":"https:\/\/cpa.org.gt\/desarrollo\/wordpress\/wp-json\/wp\/v2\/pages\/4580\/revisions"}],"predecessor-version":[{"id":4605,"href":"https:\/\/cpa.org.gt\/desarrollo\/wordpress\/wp-json\/wp\/v2\/pages\/4580\/revisions\/4605"}],"wp:attachment":[{"href":"https:\/\/cpa.org.gt\/desarrollo\/wordpress\/wp-json\/wp\/v2\/media?parent=4580"}],"curies":[{"name":"wp","href":"https:\/\/api.w.org\/{rel}","templated":true}]}}