{"id":5318,"date":"2024-12-18T16:22:39","date_gmt":"2024-12-18T22:22:39","guid":{"rendered":"https:\/\/cpa.org.gt\/desarrollo\/wordpress\/?page_id=5318"},"modified":"2025-03-06T09:17:25","modified_gmt":"2025-03-06T15:17:25","slug":"tribunal-de-honor-2024-2026","status":"publish","type":"page","link":"https:\/\/cpa.org.gt\/desarrollo\/wordpress\/tribunal-de-honor-2024-2026\/","title":{"rendered":"Tribunal de Honor 2024-2026"},"content":{"rendered":"\t\t<div data-elementor-type=\"wp-page\" data-elementor-id=\"5318\" class=\"elementor elementor-5318\">\n\t\t\t\t\t\t<section class=\"elementor-section elementor-top-section elementor-element elementor-element-b575d69 elementor-section-full_width elementor-section-height-min-height elementor-section-stretched elementor-section-height-default elementor-section-items-middle wpr-particle-no wpr-jarallax-no wpr-parallax-no wpr-sticky-section-no\" data-id=\"b575d69\" data-element_type=\"section\" data-settings=\"{&quot;stretch_section&quot;:&quot;section-stretched&quot;,&quot;background_background&quot;:&quot;slideshow&quot;,&quot;background_slideshow_gallery&quot;:[{&quot;id&quot;:5665,&quot;url&quot;:&quot;https:\\\/\\\/cpa.org.gt\\\/desarrollo\\\/wordpress\\\/wp-content\\\/uploads\\\/2025\\\/02\\\/TH2024-2026.jpg&quot;},{&quot;id&quot;:5667,&quot;url&quot;:&quot;https:\\\/\\\/cpa.org.gt\\\/desarrollo\\\/wordpress\\\/wp-content\\\/uploads\\\/2025\\\/02\\\/TH2024-2026-1.jpg&quot;}],&quot;background_slideshow_ken_burns&quot;:&quot;yes&quot;,&quot;background_slideshow_loop&quot;:&quot;yes&quot;,&quot;background_slideshow_slide_duration&quot;:5000,&quot;background_slideshow_slide_transition&quot;:&quot;fade&quot;,&quot;background_slideshow_transition_duration&quot;:500,&quot;background_slideshow_ken_burns_zoom_direction&quot;:&quot;in&quot;}\">\n\t\t\t\t\t\t<div class=\"elementor-container elementor-column-gap-default\">\n\t\t\t\t\t<div class=\"elementor-column elementor-col-100 elementor-top-column elementor-element elementor-element-efe1141\" data-id=\"efe1141\" data-element_type=\"column\">\n\t\t\t<div class=\"elementor-widget-wrap\">\n\t\t\t\t\t\t\t<\/div>\n\t\t<\/div>\n\t\t\t\t\t<\/div>\n\t\t<\/section>\n\t\t\t\t<section class=\"elementor-section elementor-top-section elementor-element elementor-element-184933d elementor-section-boxed elementor-section-height-default elementor-section-height-default wpr-particle-no wpr-jarallax-no wpr-parallax-no wpr-sticky-section-no\" data-id=\"184933d\" data-element_type=\"section\">\n\t\t\t\t\t\t<div class=\"elementor-container elementor-column-gap-default\">\n\t\t\t\t\t<div class=\"elementor-column elementor-col-100 elementor-top-column elementor-element elementor-element-3bd92ee\" data-id=\"3bd92ee\" data-element_type=\"column\">\n\t\t\t<div class=\"elementor-widget-wrap elementor-element-populated\">\n\t\t\t\t\t\t<div class=\"elementor-element elementor-element-743a184 elementor-widget elementor-widget-text-editor\" data-id=\"743a184\" data-element_type=\"widget\" data-widget_type=\"text-editor.default\">\n\t\t\t\t<div class=\"elementor-widget-container\">\n\t\t\t\t\t\t\t\t\t<p style=\"text-align: center;\">Pablo Alfredo Gonz\u00e1lez Sandoval<br \/><strong>Presidente<\/strong><\/p><p style=\"text-align: center;\">Alfredo S\u00e1nchez D\u00edaz<br \/><strong>Vicepresidente<\/strong><\/p><p style=\"text-align: center;\">Douglas Vicente Ajtun Argueta<br \/><strong>Secretario<\/strong><\/p><p style=\"text-align: center;\">Ana Cristina Qui\u00f1\u00f3nez<br \/><strong>Vocal I<\/strong><\/p><p style=\"text-align: center;\">Lusvia Marina Contreras Gudiel<br \/><strong>Vocal II<\/strong><\/p><p style=\"text-align: center;\">Regino Gonz\u00e1lez Tax<br \/><strong>Vocal III<\/strong><\/p><p style=\"text-align: center;\">Brenda Julisa Gil Ramazzini<br \/><strong>Vocal IV<\/strong><\/p><p style=\"text-align: center;\">Juan Adolfo L\u00f3pez Valle<br \/><strong>Vocal Suplente<\/strong><\/p><p style=\"text-align: center;\">Mois\u00e9s Santiago Batz Aguilar<br \/><strong>Vocal Suplente<\/strong><\/p>\t\t\t\t\t\t\t\t<\/div>\n\t\t\t\t<\/div>\n\t\t\t\t\t<\/div>\n\t\t<\/div>\n\t\t\t\t\t<\/div>\n\t\t<\/section>\n\t\t\t\t<section class=\"elementor-section elementor-top-section elementor-element elementor-element-0ba35d2 elementor-section-boxed elementor-section-height-default elementor-section-height-default wpr-particle-no wpr-jarallax-no wpr-parallax-no wpr-sticky-section-no\" data-id=\"0ba35d2\" data-element_type=\"section\">\n\t\t\t\t\t\t<div class=\"elementor-container elementor-column-gap-default\">\n\t\t\t\t\t<div class=\"elementor-column elementor-col-100 elementor-top-column elementor-element elementor-element-fc2952d\" data-id=\"fc2952d\" data-element_type=\"column\">\n\t\t\t<div class=\"elementor-widget-wrap elementor-element-populated\">\n\t\t\t\t\t\t<div class=\"elementor-element elementor-element-5c49967 elementor-widget elementor-widget-heading\" data-id=\"5c49967\" data-element_type=\"widget\" data-widget_type=\"heading.default\">\n\t\t\t\t<div class=\"elementor-widget-container\">\n\t\t\t\t\t<h2 class=\"elementor-heading-title elementor-size-default\">Tribunal de Honor 2024-2026<\/h2>\t\t\t\t<\/div>\n\t\t\t\t<\/div>\n\t\t\t\t\t<\/div>\n\t\t<\/div>\n\t\t\t\t\t<\/div>\n\t\t<\/section>\n\t\t\t\t<\/div>\n\t\t","protected":false},"excerpt":{"rendered":"<p>Pablo Alfredo Gonz\u00e1lez SandovalPresidente Alfredo S\u00e1nchez D\u00edazVicepresidente Douglas Vicente Ajtun ArguetaSecretario Ana Cristina Qui\u00f1\u00f3nezVocal I Lusvia Marina Contreras GudielVocal II Regino Gonz\u00e1lez TaxVocal III Brenda Julisa Gil RamazziniVocal IV Juan Adolfo L\u00f3pez ValleVocal Suplente Mois\u00e9s Santiago Batz AguilarVocal Suplente Tribunal de Honor 2024-2026<\/p>\n","protected":false},"author":1,"featured_media":0,"parent":0,"menu_order":0,"comment_status":"closed","ping_status":"closed","template":"","meta":{"zakra_sidebar_layout":"contained","zakra_remove_content_margin":true,"zakra_sidebar":"customizer","zakra_transparent_header":"customizer","zakra_logo":0,"zakra_main_header_style":"default","zakra_menu_item_color":"","zakra_menu_item_hover_color":"","zakra_menu_item_active_color":"","zakra_menu_active_style":"","zakra_page_header":false,"_cbd_carousel_blocks":"[]","_eb_attr":"","footnotes":""},"class_list":["post-5318","page","type-page","status-publish","hentry"],"_links":{"self":[{"href":"https:\/\/cpa.org.gt\/desarrollo\/wordpress\/wp-json\/wp\/v2\/pages\/5318","targetHints":{"allow":["GET"]}}],"collection":[{"href":"https:\/\/cpa.org.gt\/desarrollo\/wordpress\/wp-json\/wp\/v2\/pages"}],"about":[{"href":"https:\/\/cpa.org.gt\/desarrollo\/wordpress\/wp-json\/wp\/v2\/types\/page"}],"author":[{"embeddable":true,"href":"https:\/\/cpa.org.gt\/desarrollo\/wordpress\/wp-json\/wp\/v2\/users\/1"}],"replies":[{"embeddable":true,"href":"https:\/\/cpa.org.gt\/desarrollo\/wordpress\/wp-json\/wp\/v2\/comments?post=5318"}],"version-history":[{"count":11,"href":"https:\/\/cpa.org.gt\/desarrollo\/wordpress\/wp-json\/wp\/v2\/pages\/5318\/revisions"}],"predecessor-version":[{"id":5674,"href":"https:\/\/cpa.org.gt\/desarrollo\/wordpress\/wp-json\/wp\/v2\/pages\/5318\/revisions\/5674"}],"wp:attachment":[{"href":"https:\/\/cpa.org.gt\/desarrollo\/wordpress\/wp-json\/wp\/v2\/media?parent=5318"}],"curies":[{"name":"wp","href":"https:\/\/api.w.org\/{rel}","templated":true}]}}