{"id":6830,"date":"2026-03-25T12:21:13","date_gmt":"2026-03-25T18:21:13","guid":{"rendered":"https:\/\/cpa.org.gt\/desarrollo\/wordpress\/?page_id=6830"},"modified":"2026-04-13T09:52:35","modified_gmt":"2026-04-13T15:52:35","slug":"transparencia","status":"publish","type":"page","link":"https:\/\/cpa.org.gt\/desarrollo\/wordpress\/transparencia\/","title":{"rendered":"Transparencia"},"content":{"rendered":"\t\t<div data-elementor-type=\"wp-page\" data-elementor-id=\"6830\" class=\"elementor elementor-6830\">\n\t\t\t\t\t\t<section class=\"elementor-section elementor-top-section elementor-element elementor-element-80a6b02 elementor-section-boxed elementor-section-height-default elementor-section-height-default wpr-particle-no wpr-jarallax-no wpr-parallax-no wpr-sticky-section-no\" data-id=\"80a6b02\" data-element_type=\"section\">\n\t\t\t\t\t\t<div class=\"elementor-container elementor-column-gap-default\">\n\t\t\t\t\t<div class=\"elementor-column elementor-col-100 elementor-top-column elementor-element elementor-element-e4472c6\" data-id=\"e4472c6\" data-element_type=\"column\">\n\t\t\t<div class=\"elementor-widget-wrap elementor-element-populated\">\n\t\t\t\t\t\t<div class=\"elementor-element elementor-element-8fb5d1d elementor-widget elementor-widget-eael-fancy-text\" data-id=\"8fb5d1d\" data-element_type=\"widget\" data-widget_type=\"eael-fancy-text.default\">\n\t\t\t\t<div class=\"elementor-widget-container\">\n\t\t\t\t\t\n\t<div  class=\"eael-fancy-text-container style-1\" data-fancy-text-id=\"8fb5d1d\" data-fancy-text=\"|Transparencia|Junta Directiva 2024-2026\" data-fancy-text-transition-type=\"typing\" data-fancy-text-speed=\"100\" data-fancy-text-delay=\"2500\" data-fancy-text-cursor=\"yes\" data-fancy-text-loop=\"yes\" >\n\t\t\n\t\t\n\t\t\t\t\t<span id=\"eael-fancy-text-8fb5d1d\" class=\"eael-fancy-text-strings solid-color\">\n\t\t\t\t<noscript>\n\t\t\t\t\tTransparencia, Junta Directiva 2024-2026\t\t\t\t<\/noscript>\n\t\t\t<\/span>\n\t\t\n\t\t\t\t\t<span class=\"eael-fancy-text-suffix\">  <\/span>\n\t\t\t<\/div><!-- close .eael-fancy-text-container -->\n\n\t<div class=\"clearfix\"><\/div>\n\n\t\t\t\t\t<\/div>\n\t\t\t\t<\/div>\n\t\t\t\t\t<\/div>\n\t\t<\/div>\n\t\t\t\t\t<\/div>\n\t\t<\/section>\n\t\t\t\t<section class=\"elementor-section elementor-top-section elementor-element elementor-element-a393ce7 elementor-section-boxed elementor-section-height-default elementor-section-height-default wpr-particle-no wpr-jarallax-no wpr-parallax-no wpr-sticky-section-no\" data-id=\"a393ce7\" data-element_type=\"section\">\n\t\t\t\t\t\t<div class=\"elementor-container elementor-column-gap-default\">\n\t\t\t\t\t<div class=\"elementor-column elementor-col-100 elementor-top-column elementor-element elementor-element-642f80d\" data-id=\"642f80d\" data-element_type=\"column\">\n\t\t\t<div class=\"elementor-widget-wrap elementor-element-populated\">\n\t\t\t\t\t\t<div class=\"elementor-element elementor-element-1a1a5c5 elementor-widget elementor-widget-text-editor\" data-id=\"1a1a5c5\" data-element_type=\"widget\" data-widget_type=\"text-editor.default\">\n\t\t\t\t<div class=\"elementor-widget-container\">\n\t\t\t\t\t\t\t\t\t<p style=\"text-align: justify;\">En cumplimiento de nuestro compromiso con el gremio, ponemos a disposici\u00f3n la secci\u00f3n de \u201cTransparencia\u201d, que integra:<\/p><ul><li style=\"text-align: justify;\">Memoria de Labores del Colegio, correspondiente del 01 de enero al 31 de diciembre de 2025.<\/li><li style=\"text-align: justify;\">Estados Financieros Auditados, correspondientes del 01 de enero al 31 de diciembre de 2025.<\/li><li style=\"text-align: justify;\">Proyecto de Presupuesto del a\u00f1o 2026.<\/li><\/ul><p style=\"text-align: justify;\">Esta informaci\u00f3n refleja una gesti\u00f3n orientada a la estabilidad institucional, sustentada en la transparencia, la disciplina financiera y el uso responsable de los recursos, con un firme compromiso con el inter\u00e9s gremial. Asimismo, reafirma la rendici\u00f3n de cuentas, integridad, sostenibilidad y mejora continua en beneficio del Colegio.<\/p>\t\t\t\t\t\t\t\t<\/div>\n\t\t\t\t<\/div>\n\t\t\t\t\t<\/div>\n\t\t<\/div>\n\t\t\t\t\t<\/div>\n\t\t<\/section>\n\t\t\t\t<section class=\"elementor-section elementor-top-section elementor-element elementor-element-73d230a elementor-section-boxed elementor-section-height-default elementor-section-height-default wpr-particle-no wpr-jarallax-no wpr-parallax-no wpr-sticky-section-no\" data-id=\"73d230a\" data-element_type=\"section\">\n\t\t\t\t\t\t<div class=\"elementor-container elementor-column-gap-default\">\n\t\t\t\t\t<div class=\"elementor-column elementor-col-100 elementor-top-column elementor-element elementor-element-3415763 animated-slow elementor-invisible\" data-id=\"3415763\" data-element_type=\"column\" data-settings=\"{&quot;animation&quot;:&quot;fadeInRight&quot;,&quot;animation_delay&quot;:0}\">\n\t\t\t<div class=\"elementor-widget-wrap elementor-element-populated\">\n\t\t\t\t\t\t<div class=\"elementor-element elementor-element-8d95c6b elementor-align-left elementor-widget elementor-widget-button\" data-id=\"8d95c6b\" data-element_type=\"widget\" data-widget_type=\"button.default\">\n\t\t\t\t<div class=\"elementor-widget-container\">\n\t\t\t\t\t\t\t\t\t<div class=\"elementor-button-wrapper\">\n\t\t\t\t\t<a class=\"elementor-button elementor-button-link elementor-size-sm elementor-animation-grow\" href=\"https:\/\/cpa.org.gt\/desarrollo\/wordpress\/wp-content\/uploads\/2026\/03\/memoria-de-labores-2025.pdf\">\n\t\t\t\t\t\t<span class=\"elementor-button-content-wrapper\">\n\t\t\t\t\t\t\t\t\t<span class=\"elementor-button-text\">Descargar Memoria de Labores<\/span>\n\t\t\t\t\t<\/span>\n\t\t\t\t\t<\/a>\n\t\t\t\t<\/div>\n\t\t\t\t\t\t\t\t<\/div>\n\t\t\t\t<\/div>\n\t\t\t\t\t<\/div>\n\t\t<\/div>\n\t\t\t\t\t<\/div>\n\t\t<\/section>\n\t\t\t\t<section class=\"elementor-section elementor-top-section elementor-element elementor-element-cae25f1 elementor-section-boxed elementor-section-height-default elementor-section-height-default wpr-particle-no wpr-jarallax-no wpr-parallax-no wpr-sticky-section-no\" data-id=\"cae25f1\" data-element_type=\"section\">\n\t\t\t\t\t\t<div class=\"elementor-container elementor-column-gap-default\">\n\t\t\t\t\t<div class=\"elementor-column elementor-col-100 elementor-top-column elementor-element elementor-element-3a21f01 animated-slow elementor-invisible\" data-id=\"3a21f01\" data-element_type=\"column\" data-settings=\"{&quot;animation&quot;:&quot;fadeInRight&quot;,&quot;animation_delay&quot;:0}\">\n\t\t\t<div class=\"elementor-widget-wrap elementor-element-populated\">\n\t\t\t\t\t\t<div class=\"elementor-element elementor-element-fbd55f7 elementor-align-left elementor-widget elementor-widget-button\" data-id=\"fbd55f7\" data-element_type=\"widget\" data-widget_type=\"button.default\">\n\t\t\t\t<div class=\"elementor-widget-container\">\n\t\t\t\t\t\t\t\t\t<div class=\"elementor-button-wrapper\">\n\t\t\t\t\t<a class=\"elementor-button elementor-button-link elementor-size-sm elementor-animation-grow\" href=\"https:\/\/cpa.org.gt\/desarrollo\/wordpress\/wp-content\/uploads\/2026\/03\/informe-EEFF2025.pdf\">\n\t\t\t\t\t\t<span class=\"elementor-button-content-wrapper\">\n\t\t\t\t\t\t\t\t\t<span class=\"elementor-button-text\">Descargar EEFF<\/span>\n\t\t\t\t\t<\/span>\n\t\t\t\t\t<\/a>\n\t\t\t\t<\/div>\n\t\t\t\t\t\t\t\t<\/div>\n\t\t\t\t<\/div>\n\t\t\t\t\t<\/div>\n\t\t<\/div>\n\t\t\t\t\t<\/div>\n\t\t<\/section>\n\t\t\t\t<section class=\"elementor-section elementor-top-section elementor-element elementor-element-ef379d5 elementor-section-boxed elementor-section-height-default elementor-section-height-default wpr-particle-no wpr-jarallax-no wpr-parallax-no wpr-sticky-section-no\" data-id=\"ef379d5\" data-element_type=\"section\">\n\t\t\t\t\t\t<div class=\"elementor-container elementor-column-gap-default\">\n\t\t\t\t\t<div class=\"elementor-column elementor-col-100 elementor-top-column elementor-element elementor-element-eda79da animated-slow elementor-invisible\" data-id=\"eda79da\" data-element_type=\"column\" data-settings=\"{&quot;animation&quot;:&quot;fadeInRight&quot;,&quot;animation_delay&quot;:0}\">\n\t\t\t<div class=\"elementor-widget-wrap elementor-element-populated\">\n\t\t\t\t\t\t<div class=\"elementor-element elementor-element-2bdd11d elementor-align-left elementor-widget elementor-widget-button\" data-id=\"2bdd11d\" data-element_type=\"widget\" data-widget_type=\"button.default\">\n\t\t\t\t<div class=\"elementor-widget-container\">\n\t\t\t\t\t\t\t\t\t<div class=\"elementor-button-wrapper\">\n\t\t\t\t\t<a class=\"elementor-button elementor-button-link elementor-size-sm elementor-animation-grow\" href=\"https:\/\/cpa.org.gt\/desarrollo\/wordpress\/wp-content\/uploads\/2026\/03\/proyecto-de-presupuesto-de-ingresos-y-egresos-CCPAG-2026.pdf\">\n\t\t\t\t\t\t<span class=\"elementor-button-content-wrapper\">\n\t\t\t\t\t\t\t\t\t<span class=\"elementor-button-text\">Descargar Proyecto de Presupuesto 2026<\/span>\n\t\t\t\t\t<\/span>\n\t\t\t\t\t<\/a>\n\t\t\t\t<\/div>\n\t\t\t\t\t\t\t\t<\/div>\n\t\t\t\t<\/div>\n\t\t\t\t\t<\/div>\n\t\t<\/div>\n\t\t\t\t\t<\/div>\n\t\t<\/section>\n\t\t\t\t<section class=\"elementor-section elementor-top-section elementor-element elementor-element-d0cea25 elementor-section-boxed elementor-section-height-default elementor-section-height-default wpr-particle-no wpr-jarallax-no wpr-parallax-no wpr-sticky-section-no\" data-id=\"d0cea25\" data-element_type=\"section\">\n\t\t\t\t\t\t<div class=\"elementor-container elementor-column-gap-default\">\n\t\t\t\t\t<div class=\"elementor-column elementor-col-100 elementor-top-column elementor-element elementor-element-a469472\" data-id=\"a469472\" data-element_type=\"column\">\n\t\t\t<div class=\"elementor-widget-wrap elementor-element-populated\">\n\t\t\t\t\t\t<div class=\"elementor-element elementor-element-1e44377 elementor-widget elementor-widget-text-editor\" data-id=\"1e44377\" data-element_type=\"widget\" data-widget_type=\"text-editor.default\">\n\t\t\t\t<div class=\"elementor-widget-container\">\n\t\t\t\t\t\t\t\t\t<p style=\"text-align: center;\">Cont\u00e1ctate con nuestro equipo al \ud83d\udcf1 <a href=\"http:\/\/+502 2279 0961\" data-wplink-url-error=\"true\">+502 2279 0961<\/a>\u00a0 o al correo electr\u00f3nico \u2709 <a href=\"mailto:atencionalcolegiado@cpa.org.gt\">atencionalcolegiado@cpa.org.gt<\/a><\/p>\t\t\t\t\t\t\t\t<\/div>\n\t\t\t\t<\/div>\n\t\t\t\t\t<\/div>\n\t\t<\/div>\n\t\t\t\t\t<\/div>\n\t\t<\/section>\n\t\t\t\t<\/div>\n\t\t","protected":false},"excerpt":{"rendered":"<p>Transparencia, Junta Directiva 2024-2026 En cumplimiento de nuestro compromiso con el gremio, ponemos a disposici\u00f3n la secci\u00f3n de \u201cTransparencia\u201d, que integra: Memoria de Labores del Colegio, correspondiente del 01 de enero al 31 de diciembre de 2025. Estados Financieros Auditados, correspondientes del 01 de enero al 31 de diciembre de 2025. Proyecto de Presupuesto del a\u00f1o 2026. Esta informaci\u00f3n refleja una gesti\u00f3n orientada a la estabilidad institucional, sustentada en la transparencia, la disciplina financiera y el uso responsable de los recursos, con un firme compromiso con el inter\u00e9s gremial. Asimismo, reafirma la rendici\u00f3n de cuentas, integridad, sostenibilidad y mejora continua en beneficio del Colegio. Descargar Memoria de Labores Descargar EEFF Descargar Proyecto de Presupuesto 2026 Cont\u00e1ctate con nuestro equipo al \ud83d\udcf1 +502 2279 0961\u00a0 o al correo electr\u00f3nico \u2709 atencionalcolegiado@cpa.org.gt<\/p>\n","protected":false},"author":1,"featured_media":0,"parent":0,"menu_order":0,"comment_status":"closed","ping_status":"closed","template":"","meta":{"zakra_sidebar_layout":"centered","zakra_remove_content_margin":false,"zakra_sidebar":"customizer","zakra_transparent_header":"0","zakra_logo":0,"zakra_main_header_style":"default","zakra_menu_item_color":"","zakra_menu_item_hover_color":"","zakra_menu_item_active_color":"","zakra_menu_active_style":"","zakra_page_header":false,"_cbd_carousel_blocks":"[]","_eb_attr":"","footnotes":""},"class_list":["post-6830","page","type-page","status-publish","hentry"],"_links":{"self":[{"href":"https:\/\/cpa.org.gt\/desarrollo\/wordpress\/wp-json\/wp\/v2\/pages\/6830","targetHints":{"allow":["GET"]}}],"collection":[{"href":"https:\/\/cpa.org.gt\/desarrollo\/wordpress\/wp-json\/wp\/v2\/pages"}],"about":[{"href":"https:\/\/cpa.org.gt\/desarrollo\/wordpress\/wp-json\/wp\/v2\/types\/page"}],"author":[{"embeddable":true,"href":"https:\/\/cpa.org.gt\/desarrollo\/wordpress\/wp-json\/wp\/v2\/users\/1"}],"replies":[{"embeddable":true,"href":"https:\/\/cpa.org.gt\/desarrollo\/wordpress\/wp-json\/wp\/v2\/comments?post=6830"}],"version-history":[{"count":39,"href":"https:\/\/cpa.org.gt\/desarrollo\/wordpress\/wp-json\/wp\/v2\/pages\/6830\/revisions"}],"predecessor-version":[{"id":6922,"href":"https:\/\/cpa.org.gt\/desarrollo\/wordpress\/wp-json\/wp\/v2\/pages\/6830\/revisions\/6922"}],"wp:attachment":[{"href":"https:\/\/cpa.org.gt\/desarrollo\/wordpress\/wp-json\/wp\/v2\/media?parent=6830"}],"curies":[{"name":"wp","href":"https:\/\/api.w.org\/{rel}","templated":true}]}}