{"id":760,"date":"2022-01-29T03:45:35","date_gmt":"2022-01-29T02:45:35","guid":{"rendered":"https:\/\/cpa.org.gt\/desarrollo\/wordpress\/?page_id=760"},"modified":"2023-03-24T09:58:20","modified_gmt":"2023-03-24T15:58:20","slug":"actualizacion-de-datos","status":"publish","type":"page","link":"https:\/\/cpa.org.gt\/desarrollo\/wordpress\/actualizacion-de-datos\/","title":{"rendered":"Actualizaci\u00f3n de Datos"},"content":{"rendered":"\t\t<div data-elementor-type=\"wp-page\" data-elementor-id=\"760\" class=\"elementor elementor-760\">\n\t\t\t\t\t\t<section class=\"elementor-section elementor-top-section elementor-element elementor-element-5075ea3 elementor-section-boxed elementor-section-height-default elementor-section-height-default wpr-particle-no wpr-jarallax-no wpr-parallax-no wpr-sticky-section-no\" data-id=\"5075ea3\" data-element_type=\"section\">\n\t\t\t\t\t\t<div class=\"elementor-container elementor-column-gap-default\">\n\t\t\t\t\t<div class=\"elementor-column elementor-col-100 elementor-top-column elementor-element elementor-element-6c21623\" data-id=\"6c21623\" data-element_type=\"column\">\n\t\t\t<div class=\"elementor-widget-wrap elementor-element-populated\">\n\t\t\t\t\t\t<div class=\"elementor-element elementor-element-5e94b2f elementor-widget elementor-widget-image\" data-id=\"5e94b2f\" data-element_type=\"widget\" data-widget_type=\"image.default\">\n\t\t\t\t<div class=\"elementor-widget-container\">\n\t\t\t\t\t\t\t\t\t\t\t\t\t\t\t<img fetchpriority=\"high\" decoding=\"async\" width=\"812\" height=\"171\" src=\"https:\/\/cpa.org.gt\/desarrollo\/wordpress\/wp-content\/uploads\/2022\/11\/Banner-actualizacion-de-datos-1024x216.png\" class=\"attachment-large size-large wp-image-1996\" alt=\"\" srcset=\"https:\/\/cpa.org.gt\/desarrollo\/wordpress\/wp-content\/uploads\/2022\/11\/Banner-actualizacion-de-datos-1024x216.png 1024w, https:\/\/cpa.org.gt\/desarrollo\/wordpress\/wp-content\/uploads\/2022\/11\/Banner-actualizacion-de-datos-300x63.png 300w, https:\/\/cpa.org.gt\/desarrollo\/wordpress\/wp-content\/uploads\/2022\/11\/Banner-actualizacion-de-datos-768x162.png 768w, https:\/\/cpa.org.gt\/desarrollo\/wordpress\/wp-content\/uploads\/2022\/11\/Banner-actualizacion-de-datos.png 1115w\" sizes=\"(max-width: 812px) 100vw, 812px\" \/>\t\t\t\t\t\t\t\t\t\t\t\t\t\t\t<\/div>\n\t\t\t\t<\/div>\n\t\t\t\t\t<\/div>\n\t\t<\/div>\n\t\t\t\t\t<\/div>\n\t\t<\/section>\n\t\t\t\t<section class=\"elementor-section elementor-top-section elementor-element elementor-element-462e0ae elementor-section-boxed elementor-section-height-default elementor-section-height-default wpr-particle-no wpr-jarallax-no wpr-parallax-no wpr-sticky-section-no\" data-id=\"462e0ae\" data-element_type=\"section\">\n\t\t\t\t\t\t<div class=\"elementor-container elementor-column-gap-default\">\n\t\t\t\t\t<div class=\"elementor-column elementor-col-100 elementor-top-column elementor-element elementor-element-0ac7841\" data-id=\"0ac7841\" data-element_type=\"column\">\n\t\t\t<div class=\"elementor-widget-wrap elementor-element-populated\">\n\t\t\t\t\t\t<div class=\"elementor-element elementor-element-9609e62 elementor-widget elementor-widget-text-editor\" data-id=\"9609e62\" data-element_type=\"widget\" data-widget_type=\"text-editor.default\">\n\t\t\t\t<div class=\"elementor-widget-container\">\n\t\t\t\t\t\t\t\t\t<h2 style=\"text-align: center;\">Pasos para actualizaci\u00f3n de datos<\/h2><ul><li>Descarga el formulario de actualizaci\u00f3n de datos.<\/li><\/ul>\t\t\t\t\t\t\t\t<\/div>\n\t\t\t\t<\/div>\n\t\t\t\t\t<\/div>\n\t\t<\/div>\n\t\t\t\t\t<\/div>\n\t\t<\/section>\n\t\t\t\t<section class=\"elementor-section elementor-top-section elementor-element elementor-element-9359c31 elementor-section-boxed elementor-section-height-default elementor-section-height-default wpr-particle-no wpr-jarallax-no wpr-parallax-no wpr-sticky-section-no\" data-id=\"9359c31\" data-element_type=\"section\">\n\t\t\t\t\t\t<div class=\"elementor-container elementor-column-gap-default\">\n\t\t\t\t\t<div class=\"elementor-column elementor-col-100 elementor-top-column elementor-element elementor-element-ecb183d\" data-id=\"ecb183d\" data-element_type=\"column\">\n\t\t\t<div class=\"elementor-widget-wrap elementor-element-populated\">\n\t\t\t\t\t\t<div class=\"elementor-element elementor-element-e8d117e elementor-align-center elementor-widget elementor-widget-button\" data-id=\"e8d117e\" data-element_type=\"widget\" data-widget_type=\"button.default\">\n\t\t\t\t<div class=\"elementor-widget-container\">\n\t\t\t\t\t\t\t\t\t<div class=\"elementor-button-wrapper\">\n\t\t\t\t\t<a class=\"elementor-button elementor-button-link elementor-size-sm\" href=\"https:\/\/cpa.org.gt\/desarrollo\/wordpress\/wp-content\/uploads\/2023\/03\/CCPAG-FORMULARIO-DE-ACTUALIZACION.pdf\">\n\t\t\t\t\t\t<span class=\"elementor-button-content-wrapper\">\n\t\t\t\t\t\t\t\t\t<span class=\"elementor-button-text\">FORMULARIO DE ACTUALIZACI\u00d3N DE DATOS<\/span>\n\t\t\t\t\t<\/span>\n\t\t\t\t\t<\/a>\n\t\t\t\t<\/div>\n\t\t\t\t\t\t\t\t<\/div>\n\t\t\t\t<\/div>\n\t\t\t\t\t<\/div>\n\t\t<\/div>\n\t\t\t\t\t<\/div>\n\t\t<\/section>\n\t\t\t\t<section class=\"elementor-section elementor-top-section elementor-element elementor-element-d596787 elementor-section-boxed elementor-section-height-default elementor-section-height-default wpr-particle-no wpr-jarallax-no wpr-parallax-no wpr-sticky-section-no\" data-id=\"d596787\" data-element_type=\"section\">\n\t\t\t\t\t\t<div class=\"elementor-container elementor-column-gap-default\">\n\t\t\t\t\t<div class=\"elementor-column elementor-col-100 elementor-top-column elementor-element elementor-element-bac6df9\" data-id=\"bac6df9\" data-element_type=\"column\">\n\t\t\t<div class=\"elementor-widget-wrap elementor-element-populated\">\n\t\t\t\t\t\t<div class=\"elementor-element elementor-element-04e1f0e elementor-widget elementor-widget-text-editor\" data-id=\"04e1f0e\" data-element_type=\"widget\" data-widget_type=\"text-editor.default\">\n\t\t\t\t<div class=\"elementor-widget-container\">\n\t\t\t\t\t\t\t\t\t<ul><li>Llena, imprime y firma para garantizar la autenticidad de los datos.<\/li><li>Para entregar el formulario puedes cargarlo en el siguiente enlace<\/li><\/ul>\t\t\t\t\t\t\t\t<\/div>\n\t\t\t\t<\/div>\n\t\t\t\t\t<\/div>\n\t\t<\/div>\n\t\t\t\t\t<\/div>\n\t\t<\/section>\n\t\t\t\t<section class=\"elementor-section elementor-top-section elementor-element elementor-element-5d6be56 elementor-section-boxed elementor-section-height-default elementor-section-height-default wpr-particle-no wpr-jarallax-no wpr-parallax-no wpr-sticky-section-no\" data-id=\"5d6be56\" data-element_type=\"section\">\n\t\t\t\t\t\t<div class=\"elementor-container elementor-column-gap-default\">\n\t\t\t\t\t<div class=\"elementor-column elementor-col-100 elementor-top-column elementor-element elementor-element-b09e29d\" data-id=\"b09e29d\" data-element_type=\"column\">\n\t\t\t<div class=\"elementor-widget-wrap elementor-element-populated\">\n\t\t\t\t\t\t<div class=\"elementor-element elementor-element-220b914 elementor-align-center elementor-widget elementor-widget-button\" data-id=\"220b914\" data-element_type=\"widget\" data-widget_type=\"button.default\">\n\t\t\t\t<div class=\"elementor-widget-container\">\n\t\t\t\t\t\t\t\t\t<div class=\"elementor-button-wrapper\">\n\t\t\t\t\t<a class=\"elementor-button elementor-button-link elementor-size-sm\" href=\"https:\/\/docs.google.com\/forms\/d\/e\/1FAIpQLSdxypS2Ig_lCW8b6JESOu7H1tD-5nKzeFDf9iD9gaA81_8I0g\/viewform\">\n\t\t\t\t\t\t<span class=\"elementor-button-content-wrapper\">\n\t\t\t\t\t\t\t\t\t<span class=\"elementor-button-text\">CARGAR EL FORMULARIO DE ACTUALIZACI\u00d3N DE DATOS<\/span>\n\t\t\t\t\t<\/span>\n\t\t\t\t\t<\/a>\n\t\t\t\t<\/div>\n\t\t\t\t\t\t\t\t<\/div>\n\t\t\t\t<\/div>\n\t\t\t\t\t<\/div>\n\t\t<\/div>\n\t\t\t\t\t<\/div>\n\t\t<\/section>\n\t\t\t\t<section class=\"elementor-section elementor-top-section elementor-element elementor-element-cea1c54 elementor-section-boxed elementor-section-height-default elementor-section-height-default wpr-particle-no wpr-jarallax-no wpr-parallax-no wpr-sticky-section-no\" data-id=\"cea1c54\" data-element_type=\"section\">\n\t\t\t\t\t\t<div class=\"elementor-container elementor-column-gap-default\">\n\t\t\t\t\t<div class=\"elementor-column elementor-col-100 elementor-top-column elementor-element elementor-element-a485510\" data-id=\"a485510\" data-element_type=\"column\">\n\t\t\t<div class=\"elementor-widget-wrap elementor-element-populated\">\n\t\t\t\t\t\t<div class=\"elementor-element elementor-element-d2761e1 elementor-widget elementor-widget-text-editor\" data-id=\"d2761e1\" data-element_type=\"widget\" data-widget_type=\"text-editor.default\">\n\t\t\t\t<div class=\"elementor-widget-container\">\n\t\t\t\t\t\t\t\t\t<p>Puedes acercarte a nuestras Subsedes o Centros Personalizados de Atenci\u00f3n Gremial para la entrega.<\/p>\t\t\t\t\t\t\t\t<\/div>\n\t\t\t\t<\/div>\n\t\t\t\t\t<\/div>\n\t\t<\/div>\n\t\t\t\t\t<\/div>\n\t\t<\/section>\n\t\t\t\t<\/div>\n\t\t","protected":false},"excerpt":{"rendered":"<p>Pasos para actualizaci\u00f3n de datos Descarga el formulario de actualizaci\u00f3n de datos. FORMULARIO DE ACTUALIZACI\u00d3N DE DATOS Llena, imprime y firma para garantizar la autenticidad de los datos. Para entregar el formulario puedes cargarlo en el siguiente enlace CARGAR EL FORMULARIO DE ACTUALIZACI\u00d3N DE DATOS Puedes acercarte a nuestras Subsedes o Centros Personalizados de Atenci\u00f3n Gremial para la entrega.<\/p>\n","protected":false},"author":1,"featured_media":0,"parent":0,"menu_order":0,"comment_status":"closed","ping_status":"closed","template":"","meta":{"zakra_sidebar_layout":"centered","zakra_remove_content_margin":false,"zakra_sidebar":"customizer","zakra_transparent_header":"customizer","zakra_logo":0,"zakra_main_header_style":"default","zakra_menu_item_color":"","zakra_menu_item_hover_color":"","zakra_menu_item_active_color":"","zakra_menu_active_style":"","zakra_page_header":false,"_cbd_carousel_blocks":"[]","_eb_attr":"","footnotes":""},"class_list":["post-760","page","type-page","status-publish","hentry"],"_links":{"self":[{"href":"https:\/\/cpa.org.gt\/desarrollo\/wordpress\/wp-json\/wp\/v2\/pages\/760","targetHints":{"allow":["GET"]}}],"collection":[{"href":"https:\/\/cpa.org.gt\/desarrollo\/wordpress\/wp-json\/wp\/v2\/pages"}],"about":[{"href":"https:\/\/cpa.org.gt\/desarrollo\/wordpress\/wp-json\/wp\/v2\/types\/page"}],"author":[{"embeddable":true,"href":"https:\/\/cpa.org.gt\/desarrollo\/wordpress\/wp-json\/wp\/v2\/users\/1"}],"replies":[{"embeddable":true,"href":"https:\/\/cpa.org.gt\/desarrollo\/wordpress\/wp-json\/wp\/v2\/comments?post=760"}],"version-history":[{"count":43,"href":"https:\/\/cpa.org.gt\/desarrollo\/wordpress\/wp-json\/wp\/v2\/pages\/760\/revisions"}],"predecessor-version":[{"id":2738,"href":"https:\/\/cpa.org.gt\/desarrollo\/wordpress\/wp-json\/wp\/v2\/pages\/760\/revisions\/2738"}],"wp:attachment":[{"href":"https:\/\/cpa.org.gt\/desarrollo\/wordpress\/wp-json\/wp\/v2\/media?parent=760"}],"curies":[{"name":"wp","href":"https:\/\/api.w.org\/{rel}","templated":true}]}}